{"id":273,"date":"2020-12-29T17:52:30","date_gmt":"2020-12-29T17:52:30","guid":{"rendered":"https:\/\/www.silfotball.no\/klubbhandbok\/?page_id=273"},"modified":"2021-03-19T08:02:35","modified_gmt":"2021-03-19T08:02:35","slug":"klubbinformasjon","status":"publish","type":"page","link":"https:\/\/www.silfotball.no\/klubbhandbok\/klubbinformasjon\/","title":{"rendered":"Klubbinformasjon"},"content":{"rendered":"\t\t<div data-elementor-type=\"wp-page\" data-elementor-id=\"273\" class=\"elementor elementor-273\" data-elementor-settings=\"{&quot;profecient_custom_cursor_toggle&quot;:false}\">\n\t\t\t\t\t\t<section class=\"elementor-section elementor-top-section elementor-element elementor-element-5484dc1 elementor-section-boxed elementor-section-height-default elementor-section-height-default\" data-id=\"5484dc1\" data-element_type=\"section\" data-e-type=\"section\" data-settings=\"{&quot;profecient_background_motion_effects_toggle&quot;:0,&quot;profecient_custom_cursor_toggle&quot;:false,&quot;profecient_parallax_effects_toggle&quot;:0,&quot;profecient_mouse_effects_toggle&quot;:0}\">\n\t\t\t\t\t\t<div class=\"elementor-container elementor-column-gap-default\">\n\t\t\t\t\t<div class=\"elementor-column elementor-col-100 elementor-top-column elementor-element elementor-element-6273860\" data-id=\"6273860\" data-element_type=\"column\" data-e-type=\"column\" data-settings=\"{&quot;profecient_background_motion_effects_toggle&quot;:0,&quot;profecient_custom_cursor_toggle&quot;:false,&quot;profecient_parallax_effects_toggle&quot;:0,&quot;profecient_mouse_effects_toggle&quot;:0}\">\n\t\t\t<div class=\"elementor-widget-wrap elementor-element-populated\">\n\t\t\t\t\t\t<div class=\"elementor-element elementor-element-de28112 elementor-widget elementor-widget-text-editor\" data-id=\"de28112\" data-element_type=\"widget\" data-e-type=\"widget\" data-settings=\"{&quot;profecient_custom_cursor_toggle&quot;:false,&quot;profecient_parallax_effects_toggle&quot;:0,&quot;profecient_mouse_effects_toggle&quot;:0}\" data-widget_type=\"text-editor.default\">\n\t\t\t\t<div class=\"elementor-widget-container\">\n\t\t\t\t\t\t\t\t\t<ul><li><a href=\"#_kinfo01\">Fakta<\/a><\/li><li><a href=\"#_kinfo02\">Historikk<\/a><\/li><li><a href=\"#_kinfo03\">Kvalitetsklubb<\/a><\/li><li><a href=\"#_kinfo04\">Eat Move Sleep-Ambassad\u00f8r<\/a><\/li><li><a href=\"#_kinfo05\">Anlegg<\/a><ul><li><a href=\"#_kinfo0501\">Stamnes Arena og klubbhuset<\/a><\/li><li><a href=\"#_kinfo0502\">Helgelandshallen<\/a><\/li><li><a href=\"#_kinfo0503\">Rad\u00e5smyra gress<\/a><\/li><\/ul><\/li><\/ul>\t\t\t\t\t\t\t\t<\/div>\n\t\t\t\t<\/div>\n\t\t\t\t<div class=\"elementor-element elementor-element-8f3f928 elementor-widget elementor-widget-spacer\" data-id=\"8f3f928\" data-element_type=\"widget\" data-e-type=\"widget\" data-settings=\"{&quot;profecient_custom_cursor_toggle&quot;:false,&quot;profecient_parallax_effects_toggle&quot;:0,&quot;profecient_mouse_effects_toggle&quot;:0}\" data-widget_type=\"spacer.default\">\n\t\t\t\t<div class=\"elementor-widget-container\">\n\t\t\t\t\t\t\t<div class=\"elementor-spacer\">\n\t\t\t<div class=\"elementor-spacer-inner\"><\/div>\n\t\t<\/div>\n\t\t\t\t\t\t<\/div>\n\t\t\t\t<\/div>\n\t\t\t\t<div class=\"elementor-element elementor-element-f89c8b9 elementor-widget elementor-widget-text-editor\" data-id=\"f89c8b9\" data-element_type=\"widget\" data-e-type=\"widget\" data-settings=\"{&quot;profecient_custom_cursor_toggle&quot;:false,&quot;profecient_parallax_effects_toggle&quot;:0,&quot;profecient_mouse_effects_toggle&quot;:0}\" data-widget_type=\"text-editor.default\">\n\t\t\t\t<div class=\"elementor-widget-container\">\n\t\t\t\t\t\t\t\t\t<h1><a name=\"_kinfo01\"><\/a><strong>Fakta<\/strong><\/h1><ul><li>Klubbnavn: Sandnessj\u00f8en IL Fotball<\/li><li>Stiftet: 21.september 1914<\/li><li>Post- og bes\u00f8ksadresse: Prestmarkveien 67, 8800 SANDNESSJ\u00d8EN (Stamnes Arena)<\/li><li>E-postadresse: <a href=\"mailto:post@silfotball.no\">post@silfotball.no<\/a> og <a href=\"mailto:stian.theting@silfotball.no\">stian.theting@silfotball.no<\/a><\/li><li>Internettadresse: www.silfotball.no<\/li><li>Organisasjonsnummer: 979732252<\/li><li>Bankforbindelse: Helgeland Sparebank<\/li><li>Bankkonto: 4516.23.01784<\/li><li>Medlem av: Norges idrettsforbund og olympiske og paralympiske komite<\/li><li>Tilknyttet: Norges Fotballforbund (NFF) og NFF Nordland<\/li><\/ul><p>Sandnessj\u00f8en IL Fotball er en del av Sandnessj\u00f8en Idrettslag (SIL). SIL er et idrettslag fra Sandnessj\u00f8en i Alstahaug kommune som tilbyr aktivitetene fotball, h\u00e5ndball, friidrett, turn, sv\u00f8mming og har ogs\u00e5 en idrettsskole. SIL ble stiftet i 21. september 1914 i Sandnessj\u00f8en. Totalt er det ca. 700 medlemmer i SIL,\u00a0 hvorav ca. 400 er aktive i SIL Fotball.<\/p>\t\t\t\t\t\t\t\t<\/div>\n\t\t\t\t<\/div>\n\t\t\t\t<div class=\"elementor-element elementor-element-ac30f71 elementor-widget elementor-widget-text-editor\" data-id=\"ac30f71\" data-element_type=\"widget\" data-e-type=\"widget\" data-settings=\"{&quot;profecient_custom_cursor_toggle&quot;:false,&quot;profecient_parallax_effects_toggle&quot;:0,&quot;profecient_mouse_effects_toggle&quot;:0}\" data-widget_type=\"text-editor.default\">\n\t\t\t\t<div class=\"elementor-widget-container\">\n\t\t\t\t\t\t\t\t\t<h1><a name=\"_kinfo02\"><\/a><strong>Historikk<\/strong><\/h1><p>Fotballklubben har ingen seriemesterskap, men A-laget Herrer har spilt i 2. divisjon p\u00e5 80- og 90-tallet. Fotballklubben har heller ingen cupmesterskap, men A-laget Herrer har spilt seg til 1. runde i NM hele 9 ganger. Sist var i 2015 da de m\u00f8tte Ranheim p\u00e5 Stamnes Arena. I 1984 kom A-laget Herrer s\u00e5 langt som til 3. runde. A-laget Damer har v\u00e6rt i 2.divisjon i flere perioder fra 80-tallet frem til i dag. Mer historikk finnes under fanen &laquo;LAGENE&raquo; p\u00e5 hovedsiden.<\/p>\t\t\t\t\t\t\t\t<\/div>\n\t\t\t\t<\/div>\n\t\t\t\t<div class=\"elementor-element elementor-element-9f5ec68 elementor-widget elementor-widget-text-editor\" data-id=\"9f5ec68\" data-element_type=\"widget\" data-e-type=\"widget\" data-settings=\"{&quot;profecient_custom_cursor_toggle&quot;:false,&quot;profecient_parallax_effects_toggle&quot;:0,&quot;profecient_mouse_effects_toggle&quot;:0}\" data-widget_type=\"text-editor.default\">\n\t\t\t\t<div class=\"elementor-widget-container\">\n\t\t\t\t\t\t\t\t\t<h1><a name=\"_kinfo03\"><\/a><strong>Kvalitetsklubb<\/strong><\/h1><p>Sandnessj\u00f8en IL Fotball ble kvalitetsklubb niv\u00e5 1 i mai 2016, og kvalitetsklubb niv\u00e5 2 i desember 2018. Vi ble f\u00f8rste klubb i Nord-Norge og tredje klubb i Norge som oppn\u00e5dde niv\u00e5 2.<\/p><p>Kvalitetsklubb er et konsept for klubbutvikling som er lagd og utviklet av NFF. Konseptet ble lansert i 2014, og har v\u00e6rt utviklet videre etter dette. Kvalitetsklubb er retningsgivende for utviklingsarbeidet i klubbene i Norge og samarbeidet mellom klubb og forbund.<\/p><p><a href=\"https:\/\/www.fotball.no\/klubb-og-leder\/kvalitetsklubb-2\/\">Les mer om Kvalitetsklubb p\u00e5 NFF sine hjemmesider<\/a><\/p>\t\t\t\t\t\t\t\t<\/div>\n\t\t\t\t<\/div>\n\t\t\t\t<div class=\"elementor-element elementor-element-2aadfb6 elementor-widget elementor-widget-text-editor\" data-id=\"2aadfb6\" data-element_type=\"widget\" data-e-type=\"widget\" data-settings=\"{&quot;profecient_custom_cursor_toggle&quot;:false,&quot;profecient_parallax_effects_toggle&quot;:0,&quot;profecient_mouse_effects_toggle&quot;:0}\" data-widget_type=\"text-editor.default\">\n\t\t\t\t<div class=\"elementor-widget-container\">\n\t\t\t\t\t\t\t\t\t<h1><a name=\"_kinfo04\"><\/a><strong>Eat Move Sleep-Ambassad\u00f8r<\/strong><\/h1><p>SIL Fotball er Eat Move Sleep-Ambassad\u00f8r og har v\u00e6rt det helt siden oppstarten av konseptet i 2016.<\/p><p>Se\u00a0<a href=\"http:\/\/silfotball.no\/nyheter\/index.php\/aktuelt-ems\">her<\/a>\u00a0for mer informasjon og artikler om Eat Move Sleep i klubben v\u00e5r p\u00e5 v\u00e5r hovedside.<\/p><p>Eat Move Sleep er et kunnskaps- og inspirasjonskonsept, som s\u00e5 dagens lys i 2016. Konseptet var da en videref\u00f8ring og videreutvikling av &laquo;Bendit-konseptet&raquo;. Det ble startet av BAMA, i samarbeid med Norges Fotballforbund og EAT. Helt fra begynnelsen har m\u00e5let v\u00e6rt\u00a0\u00e5 bidra til bedre folkehelse, ved \u00e5 opplyse om fordelene med et sunt kosthold, mer aktivitet og god s\u00f8vn.<\/p><p>Eat Move Sleep skal inspirere barn, unge og voksne til \u00e5 ta gode valg i hverdagen.<\/p><p>Les mer om Eat Move Sleep-konseptet <a href=\"https:\/\/www.bama.no\/eatmovesleep\/eat-move-sleep\/\">her<\/a>.<\/p>\t\t\t\t\t\t\t\t<\/div>\n\t\t\t\t<\/div>\n\t\t\t\t<div class=\"elementor-element elementor-element-47d23dd elementor-widget elementor-widget-text-editor\" data-id=\"47d23dd\" data-element_type=\"widget\" data-e-type=\"widget\" data-settings=\"{&quot;profecient_custom_cursor_toggle&quot;:false,&quot;profecient_parallax_effects_toggle&quot;:0,&quot;profecient_mouse_effects_toggle&quot;:0}\" data-widget_type=\"text-editor.default\">\n\t\t\t\t<div class=\"elementor-widget-container\">\n\t\t\t\t\t\t\t\t\t<h1><a name=\"_kinfo05\"><\/a><strong>Anlegg<\/strong><\/h1><p><img decoding=\"async\" src=\"images\/klubben\/radaasmyra.png\" alt=\"\" \/><img decoding=\"async\" src=\"images\/klubben\/radaasmyra.png\" alt=\"\" \/>Informasjon om idrettsanleggene som SIL Fotball benytter til treninger, kamper, turneringer og m\u00f8tevirksomhet.<\/p><h2><span style=\"color: #0000ff;\"><a name=\"_kinfo0501\"><\/a><strong>Stamnes Arena og klubbhuset<\/strong><\/span><\/h2><p>Stamnes Arena er Sandnessj\u00f8en IL Fotballs offisielle hjemmebane. Stamnes Arena brukes til treninger og kamper. Stamnes kunstgressbane ble bygd av Sandnessj\u00f8en Idrettslag i 2002. Ved rehabiliteringen i 2014 (nytt kunstgress og ny belysning) ble anlegget overtatt av Alstahaug kommune. Klubbhuset eies og driftes av Sandnessj\u00f8en Idrettslag. Her har ogs\u00e5 idrettslaget kontorer og m\u00f8telokaler.<\/p><ul><li>I 2002 ble Stamnes Kunstgressbane bygd (f\u00f8r dette var det grusbane under navnet Stamnes Grus).<\/li><li>Anlegget ble rehabilitert med kunstgress og ny belysning i 2014 og skiftet da formelt navn til Stamnes Arena.<\/li><li>Klubbhus med tribune ferdig 2010<\/li><li>Kapasitet tribune: 300 sitteplasser under tak<\/li><li>St\u00f8rrelse: 64 x 100 meter<\/li><li>Underlag: Kunstgress<\/li><\/ul><h2><span style=\"color: #0000ff;\"><a name=\"_kinfo0502\"><\/a><strong>Helgelandshallen<\/strong><\/span><\/h2><p>Benyttes til trening og turneringer.<\/p><ul><li>Bygge\u00e5r: 1995. Rehabilitering med nytt kunstgress og friidrettsdekke i 2018.<\/li><li>St\u00f8rrelse: 60 x 40 meter aktivitetsflate for fotball (hallen kan deles i tre deler, ca 40&#215;20 meter hver). Friidrettsdekke p\u00e5 en langside og lengdegrop bak det ene m\u00e5let.<\/li><li>Underlag: Kunstgress<\/li><\/ul><h2><span style=\"color: #0000ff;\"><a name=\"_kinfo0503\"><\/a><strong>Rad\u00e5smyra gress<\/strong><\/span><\/h2><p>Benyttes til trening og kamper (fortrinnsvis i barnefotballen).<\/p><ul><li>Bygge\u00e5r: 1977<\/li><li>Kapasitet: 250 sitteplasser<\/li><li>St\u00f8rrelse 60 x 100 meter (samt friidrettsanlegg med kunststoffdekke og to garderober med tilh\u00f8rende dusjfasiliteter)<\/li><li>Underlag: Naturgress<\/li><\/ul><p>Se mer om rutiner ved bruk av anlegg og klubbhus <a href=\"https:\/\/www.silfotball.no\/klubbhandbok\/7-klubbdrift-rutiner\/#_Toc501082908\">her<\/a><\/p>\t\t\t\t\t\t\t\t<\/div>\n\t\t\t\t<\/div>\n\t\t\t\t\t<\/div>\n\t\t<\/div>\n\t\t\t\t\t<\/div>\n\t\t<\/section>\n\t\t\t\t<\/div>\n\t\t","protected":false},"excerpt":{"rendered":"<p>Fakta Historikk Kvalitetsklubb Eat Move Sleep-Ambassad\u00f8r Anlegg Stamnes Arena og klubbhuset Helgelandshallen Rad\u00e5smyra gress Fakta Klubbnavn: Sandnessj\u00f8en IL Fotball Stiftet: 21.september 1914 Post- og bes\u00f8ksadresse: Prestmarkveien 67, 8800 SANDNESSJ\u00d8EN (Stamnes Arena) E-postadresse: post@silfotball.no og stian.theting@silfotball.no Internettadresse: www.silfotball.no Organisasjonsnummer: 979732252 Bankforbindelse: Helgeland Sparebank Bankkonto: 4516.23.01784 Medlem av: Norges idrettsforbund og olympiske og paralympiske komite Tilknyttet: Norges [&hellip;]<\/p>\n","protected":false},"author":1,"featured_media":0,"parent":0,"menu_order":0,"comment_status":"closed","ping_status":"closed","template":"","meta":{"footnotes":""},"class_list":["post-273","page","type-page","status-publish","hentry"],"_links":{"self":[{"href":"https:\/\/www.silfotball.no\/klubbhandbok\/wp-json\/wp\/v2\/pages\/273","targetHints":{"allow":["GET"]}}],"collection":[{"href":"https:\/\/www.silfotball.no\/klubbhandbok\/wp-json\/wp\/v2\/pages"}],"about":[{"href":"https:\/\/www.silfotball.no\/klubbhandbok\/wp-json\/wp\/v2\/types\/page"}],"author":[{"embeddable":true,"href":"https:\/\/www.silfotball.no\/klubbhandbok\/wp-json\/wp\/v2\/users\/1"}],"replies":[{"embeddable":true,"href":"https:\/\/www.silfotball.no\/klubbhandbok\/wp-json\/wp\/v2\/comments?post=273"}],"version-history":[{"count":139,"href":"https:\/\/www.silfotball.no\/klubbhandbok\/wp-json\/wp\/v2\/pages\/273\/revisions"}],"predecessor-version":[{"id":1616,"href":"https:\/\/www.silfotball.no\/klubbhandbok\/wp-json\/wp\/v2\/pages\/273\/revisions\/1616"}],"wp:attachment":[{"href":"https:\/\/www.silfotball.no\/klubbhandbok\/wp-json\/wp\/v2\/media?parent=273"}],"curies":[{"name":"wp","href":"https:\/\/api.w.org\/{rel}","templated":true}]}}