{"id":292,"date":"2020-12-30T08:58:36","date_gmt":"2020-12-30T08:58:36","guid":{"rendered":"https:\/\/www.silfotball.no\/klubbhandbok\/?page_id=292"},"modified":"2021-03-16T09:15:02","modified_gmt":"2021-03-16T09:15:02","slug":"2-klubbens-verdigrunnlag","status":"publish","type":"page","link":"https:\/\/www.silfotball.no\/klubbhandbok\/2-klubbens-verdigrunnlag\/","title":{"rendered":"2. Klubbens verdigrunnlag"},"content":{"rendered":"\t\t<div data-elementor-type=\"wp-page\" data-elementor-id=\"292\" class=\"elementor elementor-292\" data-elementor-settings=\"{&quot;profecient_custom_cursor_toggle&quot;:false}\">\n\t\t\t\t\t\t<section class=\"elementor-section elementor-top-section elementor-element elementor-element-c3e1abe elementor-section-boxed elementor-section-height-default elementor-section-height-default\" data-id=\"c3e1abe\" data-element_type=\"section\" data-e-type=\"section\" data-settings=\"{&quot;profecient_background_motion_effects_toggle&quot;:0,&quot;profecient_custom_cursor_toggle&quot;:false,&quot;profecient_parallax_effects_toggle&quot;:0,&quot;profecient_mouse_effects_toggle&quot;:0}\">\n\t\t\t\t\t\t<div class=\"elementor-container elementor-column-gap-default\">\n\t\t\t\t\t<div class=\"elementor-column elementor-col-100 elementor-top-column elementor-element elementor-element-eaae8af\" data-id=\"eaae8af\" data-element_type=\"column\" data-e-type=\"column\" data-settings=\"{&quot;profecient_background_motion_effects_toggle&quot;:0,&quot;profecient_custom_cursor_toggle&quot;:false,&quot;profecient_parallax_effects_toggle&quot;:0,&quot;profecient_mouse_effects_toggle&quot;:0}\">\n\t\t\t<div class=\"elementor-widget-wrap elementor-element-populated\">\n\t\t\t\t\t\t<div class=\"elementor-element elementor-element-f9023bb elementor-widget elementor-widget-text-editor\" data-id=\"f9023bb\" data-element_type=\"widget\" data-e-type=\"widget\" data-settings=\"{&quot;profecient_custom_cursor_toggle&quot;:false,&quot;profecient_parallax_effects_toggle&quot;:0,&quot;profecient_mouse_effects_toggle&quot;:0}\" data-widget_type=\"text-editor.default\">\n\t\t\t\t<div class=\"elementor-widget-container\">\n\t\t\t\t\t\t\t\t\t<ul><li><a href=\"https:\/\/www.silfotball.no\/klubbhandbok\/2-klubbens-verdigrunnlag\/#_Toc501082880\">2.1 Verdisett<\/a><\/li><li><a href=\"https:\/\/www.silfotball.no\/klubbhandbok\/2-klubbens-verdigrunnlag\/#_Toc501082881\">2.2 Fair play<\/a><\/li><\/ul>\t\t\t\t\t\t\t\t<\/div>\n\t\t\t\t<\/div>\n\t\t\t\t<div class=\"elementor-element elementor-element-1de02f8 elementor-widget elementor-widget-spacer\" data-id=\"1de02f8\" data-element_type=\"widget\" data-e-type=\"widget\" data-settings=\"{&quot;profecient_custom_cursor_toggle&quot;:false,&quot;profecient_parallax_effects_toggle&quot;:0,&quot;profecient_mouse_effects_toggle&quot;:0}\" data-widget_type=\"spacer.default\">\n\t\t\t\t<div class=\"elementor-widget-container\">\n\t\t\t\t\t\t\t<div class=\"elementor-spacer\">\n\t\t\t<div class=\"elementor-spacer-inner\"><\/div>\n\t\t<\/div>\n\t\t\t\t\t\t<\/div>\n\t\t\t\t<\/div>\n\t\t\t\t<div class=\"elementor-element elementor-element-33ace63 elementor-widget elementor-widget-text-editor\" data-id=\"33ace63\" data-element_type=\"widget\" data-e-type=\"widget\" data-settings=\"{&quot;profecient_custom_cursor_toggle&quot;:false,&quot;profecient_parallax_effects_toggle&quot;:0,&quot;profecient_mouse_effects_toggle&quot;:0}\" data-widget_type=\"text-editor.default\">\n\t\t\t\t<div class=\"elementor-widget-container\">\n\t\t\t\t\t\t\t\t\t<h2><a name=\"_Toc501082880\"><\/a><\/h2><h1><b>2.1 Verdisett<\/b><\/h1><p>SIL Fotball sitt verdisett kalles &laquo;LIKE SIL Fotball&raquo;. Verdigrunnlagets initialer (L-I-K-E) representer de fire kjerneverdiene klubben \u00f8nsker at vi skal identifisere oss med.<\/p><p>Vi skal v\u00e6re:<\/p><p><strong>(L)angsiktige<\/strong><\/p><p>SIL Fotball skal v\u00e6re en klubb hvor medlemmene utvikler seg b\u00e5de fysisk og mentalt.<br \/>Vi skal legge til rette for utvikling b\u00e5de som enkeltindivid og lag i et langsiktig perspektiv.<\/p><p><strong>(I)nkluderende<\/strong><\/p><p>SIL Fotball skal v\u00e6re en klubb som kjennetegnes med \u00e5penhet og tilgjengelighet for alle.<br \/>Trivsel er en n\u00f8kkelfaktor. Vi vil skape en klubb som medlemmene trives i, og som folk \u00f8nsker \u00e5 v\u00e6re en del av.<\/p><p><strong>(K)valitetsbevisste<\/strong><\/p><p>SIL Fotball skal v\u00e6re en klubb der kvalitet i alle ledd er en grunnpilar.<br \/>Gjennom positiv innstilling, riktig mentalitet, gode holdninger og grundighet skal SIL Fotball skape en god utviklingsarena.<\/p><p><strong>(E)ntusiastiske<\/strong><\/p><p>Entusiasme er energi! SIL Fotball \u00f8nsker \u00e5 engasjere, begeistre og glede.<\/p>\t\t\t\t\t\t\t\t<\/div>\n\t\t\t\t<\/div>\n\t\t\t\t<div class=\"elementor-element elementor-element-2353653 elementor-widget elementor-widget-text-editor\" data-id=\"2353653\" data-element_type=\"widget\" data-e-type=\"widget\" data-settings=\"{&quot;profecient_custom_cursor_toggle&quot;:false,&quot;profecient_parallax_effects_toggle&quot;:0,&quot;profecient_mouse_effects_toggle&quot;:0}\" data-widget_type=\"text-editor.default\">\n\t\t\t\t<div class=\"elementor-widget-container\">\n\t\t\t\t\t\t\t\t\t<h1><a name=\"_Toc501082881\"><\/a><strong>2.2 Fair play<\/strong><\/h1><p>Fair Play dreier seg om mer enn \u00e5 unng\u00e5 gule og r\u00f8de kort. Fair play handler om hvordan vi oppf\u00f8rer oss mot hverandre, b\u00e5de p\u00e5 og utenfor banen.<\/p><p>Alle tilknyttet SIL Fotball har et ansvar for \u00e5 f\u00f8lge de normer, regler og retningslinjer som skaper verdier og holdninger vi kan v\u00e6re stolte av. SIL Fotball er opptatt av at alle spillere, trenere, dommere, ledere og foreldre engasjerer seg og bidrar til at vi har et fotballmilj\u00f8 preget av trygghet og trivsel.<\/p><p><strong>Sentrale stikkord er:<\/strong><\/p><ul><li>Respekt og toleranse for hverandre<\/li><li>Alle er like verdifulle<\/li><li>Ta avstand fra rasisme og mobbing<\/li><li>Respektere dommerens avgj\u00f8relser<\/li><li>Skape et fellesskap som inkluderer alle<\/li><\/ul>\t\t\t\t\t\t\t\t<\/div>\n\t\t\t\t<\/div>\n\t\t\t\t<div class=\"elementor-element elementor-element-e28cf2e elementor-widget elementor-widget-spacer\" data-id=\"e28cf2e\" data-element_type=\"widget\" data-e-type=\"widget\" data-settings=\"{&quot;profecient_custom_cursor_toggle&quot;:false,&quot;profecient_parallax_effects_toggle&quot;:0,&quot;profecient_mouse_effects_toggle&quot;:0}\" data-widget_type=\"spacer.default\">\n\t\t\t\t<div class=\"elementor-widget-container\">\n\t\t\t\t\t\t\t<div class=\"elementor-spacer\">\n\t\t\t<div class=\"elementor-spacer-inner\"><\/div>\n\t\t<\/div>\n\t\t\t\t\t\t<\/div>\n\t\t\t\t<\/div>\n\t\t\t\t\t<\/div>\n\t\t<\/div>\n\t\t\t\t\t<\/div>\n\t\t<\/section>\n\t\t\t\t<section class=\"elementor-section elementor-top-section elementor-element elementor-element-e4af9e0 elementor-section-boxed elementor-section-height-default elementor-section-height-default\" data-id=\"e4af9e0\" data-element_type=\"section\" data-e-type=\"section\" data-settings=\"{&quot;profecient_background_motion_effects_toggle&quot;:0,&quot;profecient_custom_cursor_toggle&quot;:false,&quot;profecient_parallax_effects_toggle&quot;:0,&quot;profecient_mouse_effects_toggle&quot;:0}\">\n\t\t\t\t\t\t<div class=\"elementor-container elementor-column-gap-default\">\n\t\t\t\t\t<div class=\"elementor-column elementor-col-50 elementor-top-column elementor-element elementor-element-af8f7cb\" data-id=\"af8f7cb\" data-element_type=\"column\" data-e-type=\"column\" data-settings=\"{&quot;profecient_background_motion_effects_toggle&quot;:0,&quot;profecient_custom_cursor_toggle&quot;:false,&quot;profecient_parallax_effects_toggle&quot;:0,&quot;profecient_mouse_effects_toggle&quot;:0}\">\n\t\t\t<div class=\"elementor-widget-wrap elementor-element-populated\">\n\t\t\t\t\t\t<div class=\"elementor-element elementor-element-c559d67 elementor-widget elementor-widget-button\" data-id=\"c559d67\" data-element_type=\"widget\" data-e-type=\"widget\" data-settings=\"{&quot;profecient_custom_cursor_toggle&quot;:false,&quot;profecient_parallax_effects_toggle&quot;:0,&quot;profecient_mouse_effects_toggle&quot;:0}\" data-widget_type=\"button.default\">\n\t\t\t\t<div class=\"elementor-widget-container\">\n\t\t\t\t\t\t\t\t\t<div class=\"elementor-button-wrapper\">\n\t\t\t\t\t<a class=\"elementor-button elementor-button-link elementor-size-sm\" href=\"https:\/\/www.silfotball.no\/klubbhandbok\/1-klubbens-visjon-og-malsetning\/\">\n\t\t\t\t\t\t<span class=\"elementor-button-content-wrapper\">\n\t\t\t\t\t\t<span class=\"elementor-button-icon\">\n\t\t\t\t<i aria-hidden=\"true\" class=\"fas fa-arrow-left\"><\/i>\t\t\t<\/span>\n\t\t\t\t\t\t\t\t\t<span class=\"elementor-button-text\">1. Klubbens visjon og form\u00e5l<\/span>\n\t\t\t\t\t<\/span>\n\t\t\t\t\t<\/a>\n\t\t\t\t<\/div>\n\t\t\t\t\t\t\t\t<\/div>\n\t\t\t\t<\/div>\n\t\t\t\t\t<\/div>\n\t\t<\/div>\n\t\t\t\t<div class=\"elementor-column elementor-col-50 elementor-top-column elementor-element elementor-element-510bd03\" data-id=\"510bd03\" data-element_type=\"column\" data-e-type=\"column\" data-settings=\"{&quot;profecient_background_motion_effects_toggle&quot;:0,&quot;profecient_custom_cursor_toggle&quot;:false,&quot;profecient_parallax_effects_toggle&quot;:0,&quot;profecient_mouse_effects_toggle&quot;:0}\">\n\t\t\t<div class=\"elementor-widget-wrap elementor-element-populated\">\n\t\t\t\t\t\t<div class=\"elementor-element elementor-element-608760b elementor-align-right elementor-widget elementor-widget-button\" data-id=\"608760b\" data-element_type=\"widget\" data-e-type=\"widget\" data-settings=\"{&quot;profecient_custom_cursor_toggle&quot;:false,&quot;profecient_parallax_effects_toggle&quot;:0,&quot;profecient_mouse_effects_toggle&quot;:0}\" data-widget_type=\"button.default\">\n\t\t\t\t<div class=\"elementor-widget-container\">\n\t\t\t\t\t\t\t\t\t<div class=\"elementor-button-wrapper\">\n\t\t\t\t\t<a class=\"elementor-button elementor-button-link elementor-size-sm\" href=\"https:\/\/www.silfotball.no\/klubbhandbok\/3-klubbens-lover\/\">\n\t\t\t\t\t\t<span class=\"elementor-button-content-wrapper\">\n\t\t\t\t\t\t<span class=\"elementor-button-icon\">\n\t\t\t\t<i aria-hidden=\"true\" class=\"fas fa-arrow-right\"><\/i>\t\t\t<\/span>\n\t\t\t\t\t\t\t\t\t<span class=\"elementor-button-text\">3. Klubbens lover<\/span>\n\t\t\t\t\t<\/span>\n\t\t\t\t\t<\/a>\n\t\t\t\t<\/div>\n\t\t\t\t\t\t\t\t<\/div>\n\t\t\t\t<\/div>\n\t\t\t\t\t<\/div>\n\t\t<\/div>\n\t\t\t\t\t<\/div>\n\t\t<\/section>\n\t\t\t\t<\/div>\n\t\t","protected":false},"excerpt":{"rendered":"<p>2.1 Verdisett 2.2 Fair play 2.1 Verdisett SIL Fotball sitt verdisett kalles &laquo;LIKE SIL Fotball&raquo;. Verdigrunnlagets initialer (L-I-K-E) representer de fire kjerneverdiene klubben \u00f8nsker at vi skal identifisere oss med. Vi skal v\u00e6re: (L)angsiktige SIL Fotball skal v\u00e6re en klubb hvor medlemmene utvikler seg b\u00e5de fysisk og mentalt.Vi skal legge til rette for utvikling b\u00e5de [&hellip;]<\/p>\n","protected":false},"author":1,"featured_media":0,"parent":0,"menu_order":0,"comment_status":"closed","ping_status":"closed","template":"","meta":{"footnotes":""},"class_list":["post-292","page","type-page","status-publish","hentry"],"_links":{"self":[{"href":"https:\/\/www.silfotball.no\/klubbhandbok\/wp-json\/wp\/v2\/pages\/292","targetHints":{"allow":["GET"]}}],"collection":[{"href":"https:\/\/www.silfotball.no\/klubbhandbok\/wp-json\/wp\/v2\/pages"}],"about":[{"href":"https:\/\/www.silfotball.no\/klubbhandbok\/wp-json\/wp\/v2\/types\/page"}],"author":[{"embeddable":true,"href":"https:\/\/www.silfotball.no\/klubbhandbok\/wp-json\/wp\/v2\/users\/1"}],"replies":[{"embeddable":true,"href":"https:\/\/www.silfotball.no\/klubbhandbok\/wp-json\/wp\/v2\/comments?post=292"}],"version-history":[{"count":16,"href":"https:\/\/www.silfotball.no\/klubbhandbok\/wp-json\/wp\/v2\/pages\/292\/revisions"}],"predecessor-version":[{"id":1520,"href":"https:\/\/www.silfotball.no\/klubbhandbok\/wp-json\/wp\/v2\/pages\/292\/revisions\/1520"}],"wp:attachment":[{"href":"https:\/\/www.silfotball.no\/klubbhandbok\/wp-json\/wp\/v2\/media?parent=292"}],"curies":[{"name":"wp","href":"https:\/\/api.w.org\/{rel}","templated":true}]}}