{"id":304,"date":"2020-12-30T09:01:13","date_gmt":"2020-12-30T09:01:13","guid":{"rendered":"https:\/\/www.silfotball.no\/klubbhandbok\/?page_id=304"},"modified":"2025-10-17T15:17:27","modified_gmt":"2025-10-17T15:17:27","slug":"8-okonomi-plan-for-okonomistyring","status":"publish","type":"page","link":"https:\/\/www.silfotball.no\/klubbhandbok\/8-okonomi-plan-for-okonomistyring\/","title":{"rendered":"8. \u00d8konomi \u2013 plan for \u00f8konomistyring"},"content":{"rendered":"\t\t<div data-elementor-type=\"wp-page\" data-elementor-id=\"304\" class=\"elementor elementor-304\" data-elementor-settings=\"{&quot;profecient_custom_cursor_toggle&quot;:false}\">\n\t\t\t\t\t\t<section class=\"elementor-section elementor-top-section elementor-element elementor-element-14df4dc elementor-section-boxed elementor-section-height-default elementor-section-height-default\" data-id=\"14df4dc\" data-element_type=\"section\" data-e-type=\"section\" data-settings=\"{&quot;profecient_background_motion_effects_toggle&quot;:0,&quot;profecient_custom_cursor_toggle&quot;:false,&quot;profecient_parallax_effects_toggle&quot;:0,&quot;profecient_mouse_effects_toggle&quot;:0}\">\n\t\t\t\t\t\t<div class=\"elementor-container elementor-column-gap-default\">\n\t\t\t\t\t<div class=\"elementor-column elementor-col-100 elementor-top-column elementor-element elementor-element-bfb34c1\" data-id=\"bfb34c1\" data-element_type=\"column\" data-e-type=\"column\" data-settings=\"{&quot;profecient_background_motion_effects_toggle&quot;:0,&quot;profecient_custom_cursor_toggle&quot;:false,&quot;profecient_parallax_effects_toggle&quot;:0,&quot;profecient_mouse_effects_toggle&quot;:0}\">\n\t\t\t<div class=\"elementor-widget-wrap elementor-element-populated\">\n\t\t\t\t\t\t<div class=\"elementor-element elementor-element-21b5188 elementor-widget elementor-widget-text-editor\" data-id=\"21b5188\" data-element_type=\"widget\" data-e-type=\"widget\" data-settings=\"{&quot;profecient_custom_cursor_toggle&quot;:false,&quot;profecient_parallax_effects_toggle&quot;:0,&quot;profecient_mouse_effects_toggle&quot;:0}\" data-widget_type=\"text-editor.default\">\n\t\t\t\t<div class=\"elementor-widget-container\">\n\t\t\t\t\t\t\t\t\t<ul><li><a href=\"https:\/\/www.silfotball.no\/klubbhandbok\/8-okonomi-plan-for-okonomistyring\/#_Toc501082916\">8.1 Ansvar<\/a><\/li><li><a href=\"https:\/\/www.silfotball.no\/klubbhandbok\/8-okonomi-plan-for-okonomistyring\/#_Toc501082917\">8.2 \u00d8konomiske m\u00e5l og budsjett<\/a><\/li><li><a href=\"https:\/\/www.silfotball.no\/klubbhandbok\/8-okonomi-plan-for-okonomistyring\/#_Toc501082918\">8.3 Regnskap<\/a><\/li><li><a href=\"https:\/\/www.silfotball.no\/klubbhandbok\/8-okonomi-plan-for-okonomistyring\/#_Toc501082919\">8.4 Revisjon<\/a><\/li><li><a href=\"https:\/\/www.silfotball.no\/klubbhandbok\/8-okonomi-plan-for-okonomistyring\/#_Toc501082920\">8.5 Bank<\/a><\/li><li><a href=\"https:\/\/www.silfotball.no\/klubbhandbok\/8-okonomi-plan-for-okonomistyring\/#_Toc501082921\">8.6 Kiosksalg og kontanter<\/a><\/li><li><a href=\"https:\/\/www.silfotball.no\/klubbhandbok\/8-okonomi-plan-for-okonomistyring\/https:\/\/www.silfotball.no\/klubbhandbok\/8-okonomi-plan-for-okonomistyring\/#_Toc501082922\">8.7 Lagskonto<\/a><\/li><li><a href=\"https:\/\/www.silfotball.no\/klubbhandbok\/8-okonomi-plan-for-okonomistyring\/#_Toc501082923\">8.8 Reiseregning<\/a><\/li><li><a href=\"https:\/\/www.silfotball.no\/klubbhandbok\/8-okonomi-plan-for-okonomistyring\/#_Toc5010829231\">8.9 Regler og retningslinjer for dugnadsinntekter<\/a><\/li><\/ul>\t\t\t\t\t\t\t\t<\/div>\n\t\t\t\t<\/div>\n\t\t\t\t<div class=\"elementor-element elementor-element-bb537b5 elementor-widget elementor-widget-spacer\" data-id=\"bb537b5\" data-element_type=\"widget\" data-e-type=\"widget\" data-settings=\"{&quot;profecient_custom_cursor_toggle&quot;:false,&quot;profecient_parallax_effects_toggle&quot;:0,&quot;profecient_mouse_effects_toggle&quot;:0}\" data-widget_type=\"spacer.default\">\n\t\t\t\t<div class=\"elementor-widget-container\">\n\t\t\t\t\t\t\t<div class=\"elementor-spacer\">\n\t\t\t<div class=\"elementor-spacer-inner\"><\/div>\n\t\t<\/div>\n\t\t\t\t\t\t<\/div>\n\t\t\t\t<\/div>\n\t\t\t\t<div class=\"elementor-element elementor-element-ff9fe6a elementor-widget elementor-widget-text-editor\" data-id=\"ff9fe6a\" data-element_type=\"widget\" data-e-type=\"widget\" data-settings=\"{&quot;profecient_custom_cursor_toggle&quot;:false,&quot;profecient_parallax_effects_toggle&quot;:0,&quot;profecient_mouse_effects_toggle&quot;:0}\" data-widget_type=\"text-editor.default\">\n\t\t\t\t<div class=\"elementor-widget-container\">\n\t\t\t\t\t\t\t\t\t<p class=\"p1\"><b>8.1Ansvar<\/b><b><\/b><\/p><p class=\"p2\">Hovedstyret er \u00f8verste ansvarlig organ for klubbens \u00f8konomi, og hele idrettslaget hefter for klubbens forpliktelse. Hovedlaget har utstedt en fullmakt til klubbens styre til \u00e5 inng\u00e5 sponsoravtaler og andre avtaler (herunder ansettelser) begrenset til hovedlagets til enhver tid gjeldene grense.<\/p><p class=\"p3\">Fotballstyret skal holde kontroll p\u00e5 klubbens \u00f8konomi, og p\u00e5se at denne plan f\u00f8lges og m\u00e5lsetninger n\u00e5es. Hvis ikke \u00f8konomiske m\u00e5lsetninger blir oppfylt, er klubbens styre ansvarlig for \u00e5 iverksette tiltak for \u00e5 de m\u00e5lsetninger som er vedtatt. Daglig leder SIL Fotball er ansvarlig for at styret er oppdatert p\u00e5 regnskap og likviditet.<\/p><p class=\"p1\"><b>8.2\u00a0\u00d8konomiske m\u00e5l og budsjett<\/b><b><\/b><\/p><p class=\"p2\">For at klubben skal n\u00e5 sine m\u00e5lsetninger er det viktige \u00e5 ha en sterk \u00f8konomi. I det ligger det at vi skal til enhver tid ha tilfredsstillende likviditet i forhold til omsetning og risiko. Klubben skal alltid v\u00e6re i stand til \u00e5 betale sine kreditorer.<\/p><p class=\"p2\">I klubbens budsjettarbeid skal det alltid tas sikte p\u00e5:<\/p><ul class=\"ul1\"><li class=\"li4\"><span class=\"s2\">Minimum 5 % resultat av omsetningen. <\/span><\/li><\/ul><p class=\"p2\">Et positivt resultat f\u00f8rer til h\u00f8yere egenkapital og gj\u00f8r klubben i stand til \u00e5 finansiere st\u00f8rre investeringer internt og sikre seg mot uforutsette utgifter eller f.eks. sponsorsvikt. For \u00e5 f\u00e5 til dette m\u00e5 budsjettarbeidet v\u00e6re etter \u00abf\u00f8re var\u00bb prinsippet, som vil si at det skal kun budsjetteres med forholdsvis sikre inntekter. I tillegg skal det alle kjente og forutseende kostnader tas med.<\/p><p class=\"p3\">Budsjettet skal utarbeides etter samme mal (p\u00e5 kontoniv\u00e5) som regnskapsrapportering, slik at det er sammenlignbart, og lett \u00e5 se avvik. Budsjettarbeidet b\u00f8r starte p\u00e5 senh\u00f8sten n\u00e5r sesongen er ferdig, og v\u00e6re ferdig i l\u00f8pet av januar. Budsjettet skal vedtas p\u00e5 \u00e5rsm\u00f8tet.<\/p><p class=\"p1\"><b>8.3 Regnskap<\/b><b><\/b><\/p><p class=\"p2\">Klubben skal bruke autorisert regnskapsf\u00f8rerselskap til \u00e5 f\u00f8re regnskapet. Dette for \u00e5 sikre at lover og regler blir overholdt. Regnskapsrapporter utarbeides i henhold til oppdragsavtale av regnskapsf\u00f8rerselskapet. Daglig leder, i samarbeid med kasserer, er ansvarlig for \u00e5 holde styret oppdatert ang\u00e5ende den \u00f8konomiske situasjonen. Klubbens regnskaps\u00e5r f\u00f8lger kalender\u00e5ret.<\/p><p class=\"p2\">Samarbeidet med regnskapsf\u00f8rer evalueres \u00e5rlig.<\/p><p class=\"p3\">Klubbens inng\u00e5ende faktura attesteres og konteres av daglig leder SIL fotball eller daglig leder i SIL f\u00f8r overlevering til regnskapsf\u00f8rer. Utbetalinger skal alltid signeres av mottaker. Bilagene leveres til regnskapsf\u00f8rer iht. oppdragsavtalen eller fortl\u00f8pende. <span class=\"s3\">Godtgj\u00f8relser til daglig leder i SIL fotball skal attesteres av styreleder eller daglig leder i hovedlag.<\/span><\/p><p class=\"p1\"><b>8.4 Revisjon<\/b><b><\/b><\/p><p class=\"p3\">Sandnessj\u00f8en Idrettslag sin omsetning overstiger 5 millioner per \u00e5r. F\u00f8lgelig har idrettslaget revisjonsplikt. Regnskapet til SIL Fotball vil s\u00e5ledes blir revidert av registrert eller statsautorisert revisor. Per tiden er KPMG revisor for idrettslaget.<\/p><p class=\"p1\"><b>8.5 Bank<\/b><b><\/b><\/p><p class=\"p5\">Klubben skal ha \u00e8n hovedkonto som er klubbens driftskonto. Her skal alle inn- og utbetalinger foreg\u00e5.\u00a0I tillegg har klubben en turneringskonto som brukes til klubbens egne turneringer og en lagskonto (se kapittel 8.7).<\/p><p class=\"p2\">Bankkonti skal disponeres av to personer i fellesskap.<\/p><p class=\"p3\">Det skal aldri blandes private bankkonti inn i klubbens \u00f8konomi. Dersom noen har foretatt utlegg p\u00e5 vegne av klubben skal bilag leveres til, og godkjennes av <span class=\"s3\">daglig leder Sil fotball \/daglig leder Hovedlag <\/span>Klubben skal da snarest mulig refundere utlegget.<\/p><p class=\"p1\"><b>8.6 Kiosksalg og kontanter<\/b><b><\/b><\/p><p class=\"p2\">Omsetning av varer fra kiosk fra klubben er unntatt fra merverdiavgift, jfr. Merverdiavgiftsloven \u00a7 3-12\u00a0tredje ledd. Vilk\u00e5ret for dette er at salget skjer i forbindelse med kamper eller andre arrangementer og at det benyttes ul\u00f8nnet arbeidskraft. Merverdiavgiftsforskriften har i tillegg satt f\u00f8lgende betingelser for unntaket:<\/p><ul class=\"ul1\"><li class=\"li4\"><span class=\"s2\">Begrenset \u00e5pningstid: Kiosken m\u00e5 bare v\u00e6re \u00e5pen under arrangementer eller treninger. Fritaket gjelder selv om det foreg\u00e5r daglige, permanente arrangement og treningsvirksomhet.<\/span><\/li><li class=\"li4\"><span class=\"s2\">Kj\u00f8pergruppe: Minst 80 % av omsetningen m\u00e5 skje til deltakere eller tilskuere under arrangementer\/treninger.<\/span><\/li><li class=\"li4\"><span class=\"s2\">Vareutvalg: Vareutvalget kan bare best\u00e5 av typiske kioskvarer og varer tilberedt av organisasjonens medlemmer. Vareutvalget tilpasses naturligvis Eat Move Sleep-konseptet i v\u00e5r klubb.<\/span><\/li><\/ul><p class=\"p6\">\u00a0<\/p><p class=\"p2\">Ved kamp eller arrangement skal bankterminal avstemmes. Eventuelle billettinntekter skal ogs\u00e5 telles opp. Oppgj\u00f8rsskjema skal s\u00e5 fylles ut og signeres av minimum to personer. Eventuelle differanser skal alltid forklares. Kontantene settes s\u00e5 inn p\u00e5 klubbens driftskonto, og merkes med arrangement. Dokumentasjon p\u00e5 innskudd overleveres daglig leder\/kasserer.<\/p><p class=\"p3\">Klubbens ambisjon er \u00e5 v\u00e6re kontantfri. Vipps\/betalingsterminaler muliggj\u00f8r dette.\u00a0 \u00c5rsaken er mindre ressursbruk og redusert risiko for mislighold.<\/p><p class=\"p1\"><b>8.7 Lagskonto<\/b><b><\/b><\/p><p class=\"p2\">SIL Fotball har en felles bankkonto (heretter kalt lagskonto) for alle aldersbestemte lag. Denne kontoen benyttes til innsamling av penger ved ulike dugnader, egenandeler, sponsormidler etc. i forbindelse med et lags deltakelse i turneringer og sosiale samlinger.<\/p><p class=\"p5\"><b>Lagskontonummer:<\/b><b><\/b><\/p><p class=\"p2\">4516.23.01776<\/p><p class=\"p5\"><b>Ansvarlig for Lagskontoen (heretter kalt AL):\u00a0<\/b><b><\/b><\/p><p class=\"p7\"><span class=\"s4\">E-post:\u00a0<a href=\"mailto:lagskonto@silfotball.no\"><span class=\"s5\">lagskonto@silfotball.no<\/span><\/a><\/span><\/p><p class=\"p5\"><i>Det er ikke tillatt \u00e5 opprette private kontoer (f.eks. av foreldre\/foresatte) p\u00e5 vegne av lagene i klubben.<\/i><i><\/i><\/p><p class=\"p2\">All innsamling av penger til dugnad, sponsor, egenandel etc. skal registreres p\u00e5 eget skjema:<span class=\"s6\"><span class=\"Apple-converted-space\">\u00a0 <\/span><a href=\"https:\/\/forms.office.com\/pages\/responsepage.aspx?id=VX2-omMVnUaCZyQhExLBp_Bfg0HXNlZGg-D539WoMEtUNkxaREZHMlZOT0tZNE1UMzVXQjVBTFk1OS4u&amp;route=shorturl\"><span class=\"s7\">Registrering av inntektsgivende dugnad i SIL<\/span><\/a><\/span><\/p><p class=\"p5\"><i>Foreldrekontakt(er) ansvarlig for organisering av dugnaden\/tiltaket og innsamling av penger:<\/i><i><\/i><\/p><ol class=\"ol1\"><li class=\"li9\"><span class=\"s8\">Mottak av kontanter:<\/span><\/li><\/ol><ul class=\"ul1\"><li class=\"li4\"><span class=\"s2\">Foreldrekontakt setter inn pengene p\u00e5 lagskontonummeret<\/span><\/li><li class=\"li4\"><span class=\"s2\">Kvitteringen merkes med lagets navn og sendes pr. epost til AL<\/span><\/li><\/ul><ol class=\"ol1\"><li class=\"li9\"><span class=\"s8\">Utg\u00e5ende Fakturering:<\/span><\/li><\/ol><ul class=\"ul1\"><li class=\"li4\"><span class=\"s2\">Foreldrekontakt sender epost til AL med f\u00f8lgende innhold:<\/span><ul class=\"ul1\"><li class=\"li4\"><span class=\"s2\">Lagets navn<\/span><\/li><li class=\"li4\"><span class=\"s2\">Fakturamottaker og adresse<\/span><\/li><li class=\"li4\"><span class=\"s2\">Fakturatekst og bel\u00f8p<\/span><\/li><li class=\"li4\"><span class=\"s2\">Forfallsdato dersom avtalt med fakturamottaker<\/span><\/li><\/ul><\/li><li class=\"li4\"><span class=\"s2\">AL videresender til regnskapsf\u00f8rer for utfakturering.<\/span><\/li><li class=\"li4\"><span class=\"s2\">AL f\u00f8lger opp videre innfordring.<\/span><\/li><\/ul><p class=\"p11\"><span class=\"s9\">3. Inng\u00e5ende faktura<\/span><\/p><ul class=\"ul1\"><li class=\"li4\"><span class=\"s2\">Dersom et lag f\u00e5r tilsendt faktura i forbindelse med deltakelse p\u00e5 en aktivitet skal dennes sendes p\u00e5 epost til AL. Fakturaen m\u00e5 v\u00e6re stilet til Sil Fotball.\u00a0 F\u00f8lgende m\u00e5 p\u00e5f\u00f8res fakturaen.<\/span><\/li><li class=\"li4\"><span class=\"s2\">Attestasjon ved dato og signatur fra foreldrekontakt\/fullmaktshaver<\/span><\/li><li class=\"li4\"><span class=\"s2\">Lagets navn hvis det ikke kommer frem fra avsender.<\/span><\/li><\/ul><p class=\"p5\">Innsamling av midler skal inntektsf\u00f8res i klubbens regnskap og bilag skal derfor attesteres og konteres p\u00e5 vanlig m\u00e5te.\u00a0 Det f\u00f8res skyggeregnskap for hvert lag, slik at en har kontroll med hvor <span class=\"s3\">mye hvert <\/span>lag har samlet inn og brukt til enhver tid.\u00a0\u00a0<i>Det anbefales at foreldrekontakt p\u00e5 hvert lag ogs\u00e5 f\u00f8rer skyggeregnskap for \u00e5 holde kontroll.<\/i><i><\/i><\/p><p class=\"p12\">Klubben betaler p\u00e5meldingsavgift for 1 cup pr. \u00e5r pr. lag.<span class=\"Apple-converted-space\">\u00a0 <\/span>Cuper utover dette, samt kost og losji for slik deltakelse betales fra lagskontoen med innsamlede midler.\u00a0<\/p><p class=\"p3\"><i>Det presiseres at pengene m\u00e5 v\u00e6re innsamlet (kommet p\u00e5 lagskonto) f\u00f8r de kan brukes.\u00a0<\/i><i><\/i><\/p><p class=\"p1\"><b>8.8 Reiseregning<\/b><b><\/b><\/p><p class=\"p3\">Klubben dekker etter avtale kj\u00f8ring og andre utlegg som spillere, trenere eller andre tillitsvalgte har hatt, i forbindelse med utf\u00f8ring av oppgaver p\u00e5 vegne av klubben. Slik utgiftsdekning skal enten reguleres i kontrakt eller p\u00e5 forh\u00e5nd ved sporadiske tilfeller. Klubben har vedtatt i styre at man dekker kj\u00f8ring etter <span class=\"s3\">satsen i statens reiseregulativ, og at det ikke gis tillegg for passasjer. <\/span>Den som har f\u00e5tt innvilget dekning skal fylle ut og levere klubbens reiseskjema til klubbens daglige leder eller kasserer, f\u00f8r utbetaling finner sted.<\/p><p class=\"p1\"><b>8.9 Regler og retningslinjer for dugnadsinntekter <\/b><b> <\/b><\/p><p class=\"p13\"><span class=\"s9\"><a href=\"https:\/\/sandnessjoen.sharepoint.com\/sites\/SILFotball\/Delte%2520dokumenter\/Organisasjon%2520-%2520Administrativt\/Regler%2520og%2520retningslinjer%2520for%2520dugnadsarbeid\">Regler og retningslinjer for dugnadsinntekter<\/a> <\/span><\/p>\t\t\t\t\t\t\t\t<\/div>\n\t\t\t\t<\/div>\n\t\t\t\t<div class=\"elementor-element elementor-element-9a8a7ce elementor-widget elementor-widget-spacer\" data-id=\"9a8a7ce\" data-element_type=\"widget\" data-e-type=\"widget\" data-settings=\"{&quot;profecient_custom_cursor_toggle&quot;:false,&quot;profecient_parallax_effects_toggle&quot;:0,&quot;profecient_mouse_effects_toggle&quot;:0}\" data-widget_type=\"spacer.default\">\n\t\t\t\t<div class=\"elementor-widget-container\">\n\t\t\t\t\t\t\t<div class=\"elementor-spacer\">\n\t\t\t<div class=\"elementor-spacer-inner\"><\/div>\n\t\t<\/div>\n\t\t\t\t\t\t<\/div>\n\t\t\t\t<\/div>\n\t\t\t\t\t<\/div>\n\t\t<\/div>\n\t\t\t\t\t<\/div>\n\t\t<\/section>\n\t\t\t\t<section class=\"elementor-section elementor-top-section elementor-element elementor-element-81d6766 elementor-section-boxed elementor-section-height-default elementor-section-height-default\" data-id=\"81d6766\" data-element_type=\"section\" data-e-type=\"section\" data-settings=\"{&quot;profecient_background_motion_effects_toggle&quot;:0,&quot;profecient_custom_cursor_toggle&quot;:false,&quot;profecient_parallax_effects_toggle&quot;:0,&quot;profecient_mouse_effects_toggle&quot;:0}\">\n\t\t\t\t\t\t<div class=\"elementor-container elementor-column-gap-default\">\n\t\t\t\t\t<div class=\"elementor-column elementor-col-50 elementor-top-column elementor-element elementor-element-e8eb688\" data-id=\"e8eb688\" data-element_type=\"column\" data-e-type=\"column\" data-settings=\"{&quot;profecient_background_motion_effects_toggle&quot;:0,&quot;profecient_custom_cursor_toggle&quot;:false,&quot;profecient_parallax_effects_toggle&quot;:0,&quot;profecient_mouse_effects_toggle&quot;:0}\">\n\t\t\t<div class=\"elementor-widget-wrap elementor-element-populated\">\n\t\t\t\t\t\t<div class=\"elementor-element elementor-element-5508167 elementor-widget elementor-widget-button\" data-id=\"5508167\" data-element_type=\"widget\" data-e-type=\"widget\" data-settings=\"{&quot;profecient_custom_cursor_toggle&quot;:false,&quot;profecient_parallax_effects_toggle&quot;:0,&quot;profecient_mouse_effects_toggle&quot;:0}\" data-widget_type=\"button.default\">\n\t\t\t\t<div class=\"elementor-widget-container\">\n\t\t\t\t\t\t\t\t\t<div class=\"elementor-button-wrapper\">\n\t\t\t\t\t<a class=\"elementor-button elementor-button-link elementor-size-sm\" href=\"https:\/\/www.silfotball.no\/klubbhandbok\/7-klubbdrift-rutiner\/\">\n\t\t\t\t\t\t<span class=\"elementor-button-content-wrapper\">\n\t\t\t\t\t\t<span class=\"elementor-button-icon\">\n\t\t\t\t<i aria-hidden=\"true\" class=\"fas fa-arrow-left\"><\/i>\t\t\t<\/span>\n\t\t\t\t\t\t\t\t\t<span class=\"elementor-button-text\">7. Klubbdrift \/ rutiner<\/span>\n\t\t\t\t\t<\/span>\n\t\t\t\t\t<\/a>\n\t\t\t\t<\/div>\n\t\t\t\t\t\t\t\t<\/div>\n\t\t\t\t<\/div>\n\t\t\t\t\t<\/div>\n\t\t<\/div>\n\t\t\t\t<div class=\"elementor-column elementor-col-50 elementor-top-column elementor-element elementor-element-64b27db\" data-id=\"64b27db\" data-element_type=\"column\" data-e-type=\"column\" data-settings=\"{&quot;profecient_background_motion_effects_toggle&quot;:0,&quot;profecient_custom_cursor_toggle&quot;:false,&quot;profecient_parallax_effects_toggle&quot;:0,&quot;profecient_mouse_effects_toggle&quot;:0}\">\n\t\t\t<div class=\"elementor-widget-wrap elementor-element-populated\">\n\t\t\t\t\t\t<div class=\"elementor-element elementor-element-7cfdde9 elementor-align-right elementor-widget elementor-widget-button\" data-id=\"7cfdde9\" data-element_type=\"widget\" data-e-type=\"widget\" data-settings=\"{&quot;profecient_custom_cursor_toggle&quot;:false,&quot;profecient_parallax_effects_toggle&quot;:0,&quot;profecient_mouse_effects_toggle&quot;:0}\" data-widget_type=\"button.default\">\n\t\t\t\t<div class=\"elementor-widget-container\">\n\t\t\t\t\t\t\t\t\t<div class=\"elementor-button-wrapper\">\n\t\t\t\t\t<a class=\"elementor-button elementor-button-link elementor-size-sm\" href=\"https:\/\/www.silfotball.no\/klubbhandbok\/9-informasjon-kommunikasjon\/\">\n\t\t\t\t\t\t<span class=\"elementor-button-content-wrapper\">\n\t\t\t\t\t\t<span class=\"elementor-button-icon\">\n\t\t\t\t<i aria-hidden=\"true\" class=\"fas fa-arrow-right\"><\/i>\t\t\t<\/span>\n\t\t\t\t\t\t\t\t\t<span class=\"elementor-button-text\">9. Informasjon \/ kommunikasjon<\/span>\n\t\t\t\t\t<\/span>\n\t\t\t\t\t<\/a>\n\t\t\t\t<\/div>\n\t\t\t\t\t\t\t\t<\/div>\n\t\t\t\t<\/div>\n\t\t\t\t\t<\/div>\n\t\t<\/div>\n\t\t\t\t\t<\/div>\n\t\t<\/section>\n\t\t\t\t<\/div>\n\t\t","protected":false},"excerpt":{"rendered":"<p>8.1 Ansvar 8.2 \u00d8konomiske m\u00e5l og budsjett 8.3 Regnskap 8.4 Revisjon 8.5 Bank 8.6 Kiosksalg og kontanter 8.7 Lagskonto 8.8 Reiseregning 8.9 Regler og retningslinjer for dugnadsinntekter 8.1Ansvar Hovedstyret er \u00f8verste ansvarlig organ for klubbens \u00f8konomi, og hele idrettslaget hefter for klubbens forpliktelse. Hovedlaget har utstedt en fullmakt til klubbens styre til \u00e5 inng\u00e5 sponsoravtaler [&hellip;]<\/p>\n","protected":false},"author":1,"featured_media":0,"parent":0,"menu_order":0,"comment_status":"closed","ping_status":"closed","template":"","meta":{"footnotes":""},"class_list":["post-304","page","type-page","status-publish","hentry"],"_links":{"self":[{"href":"https:\/\/www.silfotball.no\/klubbhandbok\/wp-json\/wp\/v2\/pages\/304","targetHints":{"allow":["GET"]}}],"collection":[{"href":"https:\/\/www.silfotball.no\/klubbhandbok\/wp-json\/wp\/v2\/pages"}],"about":[{"href":"https:\/\/www.silfotball.no\/klubbhandbok\/wp-json\/wp\/v2\/types\/page"}],"author":[{"embeddable":true,"href":"https:\/\/www.silfotball.no\/klubbhandbok\/wp-json\/wp\/v2\/users\/1"}],"replies":[{"embeddable":true,"href":"https:\/\/www.silfotball.no\/klubbhandbok\/wp-json\/wp\/v2\/comments?post=304"}],"version-history":[{"count":55,"href":"https:\/\/www.silfotball.no\/klubbhandbok\/wp-json\/wp\/v2\/pages\/304\/revisions"}],"predecessor-version":[{"id":1869,"href":"https:\/\/www.silfotball.no\/klubbhandbok\/wp-json\/wp\/v2\/pages\/304\/revisions\/1869"}],"wp:attachment":[{"href":"https:\/\/www.silfotball.no\/klubbhandbok\/wp-json\/wp\/v2\/media?parent=304"}],"curies":[{"name":"wp","href":"https:\/\/api.w.org\/{rel}","templated":true}]}}