{"id":306,"date":"2020-12-30T09:01:31","date_gmt":"2020-12-30T09:01:31","guid":{"rendered":"https:\/\/www.silfotball.no\/klubbhandbok\/?page_id=306"},"modified":"2025-10-17T15:18:21","modified_gmt":"2025-10-17T15:18:21","slug":"9-informasjon-kommunikasjon","status":"publish","type":"page","link":"https:\/\/www.silfotball.no\/klubbhandbok\/9-informasjon-kommunikasjon\/","title":{"rendered":"9. Informasjon\/kommunikasjon"},"content":{"rendered":"\t\t<div data-elementor-type=\"wp-page\" data-elementor-id=\"306\" class=\"elementor elementor-306\" data-elementor-settings=\"{&quot;profecient_custom_cursor_toggle&quot;:false}\">\n\t\t\t\t\t\t<section class=\"elementor-section elementor-top-section elementor-element elementor-element-fde4fc4 elementor-section-boxed elementor-section-height-default elementor-section-height-default\" data-id=\"fde4fc4\" data-element_type=\"section\" data-e-type=\"section\" data-settings=\"{&quot;profecient_background_motion_effects_toggle&quot;:0,&quot;profecient_custom_cursor_toggle&quot;:false,&quot;profecient_parallax_effects_toggle&quot;:0,&quot;profecient_mouse_effects_toggle&quot;:0}\">\n\t\t\t\t\t\t<div class=\"elementor-container elementor-column-gap-default\">\n\t\t\t\t\t<div class=\"elementor-column elementor-col-100 elementor-top-column elementor-element elementor-element-aad2696\" data-id=\"aad2696\" data-element_type=\"column\" data-e-type=\"column\" data-settings=\"{&quot;profecient_background_motion_effects_toggle&quot;:0,&quot;profecient_custom_cursor_toggle&quot;:false,&quot;profecient_parallax_effects_toggle&quot;:0,&quot;profecient_mouse_effects_toggle&quot;:0}\">\n\t\t\t<div class=\"elementor-widget-wrap elementor-element-populated\">\n\t\t\t\t\t\t<div class=\"elementor-element elementor-element-71e1da4 elementor-widget elementor-widget-text-editor\" data-id=\"71e1da4\" data-element_type=\"widget\" data-e-type=\"widget\" data-settings=\"{&quot;profecient_custom_cursor_toggle&quot;:false,&quot;profecient_parallax_effects_toggle&quot;:0,&quot;profecient_mouse_effects_toggle&quot;:0}\" data-widget_type=\"text-editor.default\">\n\t\t\t\t<div class=\"elementor-widget-container\">\n\t\t\t\t\t\t\t\t\t<p>Klubben og NFF har en rekke informasjonskanaler og m\u00f8ter for \u00e5 informere om klubbens virksomhet og aktivitet.<\/p><p>De viktigste er som f\u00f8lger:<\/p>\t\t\t\t\t\t\t\t<\/div>\n\t\t\t\t<\/div>\n\t\t\t\t<div class=\"elementor-element elementor-element-207e1b8 elementor-widget elementor-widget-text-editor\" data-id=\"207e1b8\" data-element_type=\"widget\" data-e-type=\"widget\" data-settings=\"{&quot;profecient_custom_cursor_toggle&quot;:false,&quot;profecient_parallax_effects_toggle&quot;:0,&quot;profecient_mouse_effects_toggle&quot;:0}\" data-widget_type=\"text-editor.default\">\n\t\t\t\t<div class=\"elementor-widget-container\">\n\t\t\t\t\t\t\t\t\t<p class=\"p1\"><b>9.0 Hjemmeside, sosial medier og andre viktige informasjonskanaler<\/b><\/p><ul class=\"ul1\"><li class=\"li2\"><span class=\"s2\">SIL Fotballs hjemmeside:\u00a0<a href=\"http:\/\/www.silfotball.no\/\"><span class=\"s3\">silfotball.no<\/span><\/a><\/span><\/li><li class=\"li3\"><span class=\"s2\">Sosiale medier: Facebook: Sandnessj\u00f8en IL Fotball<\/span><\/li><li class=\"li2\"><span class=\"s1\"><a href=\"https:\/\/fiks.fotball.no\/FiksWeb\/Login?returnUrl=\/FiksWeb\"><span class=\"s4\">FIKS<\/span><\/a><\/span><span class=\"s2\">\u00a0(Fotballens informasjon- og kommunikasjonssystem), NFF-plattform. Se mer informasjon\u00a0<a href=\"https:\/\/www.fotball.no\/tema\/om-nff\/nffs-personvernerklaring\/fiks\/#Toppen\"><span class=\"s3\">HER<\/span><\/a><\/span><\/li><li class=\"li2\"><span class=\"s1\"><a href=\"https:\/\/sandnessjoen.sharepoint.com\/sites\/SILFotball\/Delte%2520dokumenter\/Organisasjon%2520-%2520Administrativt\/Tiim.no\"><span class=\"s5\">Tiim.no<\/span><\/a><\/span><span class=\"s2\"> NFF-plattform<\/span><\/li><li class=\"li2\"><span class=\"s2\">NFFs hjemmeside:\u00a0<a href=\"http:\/\/www.fotball.no\/\"><span class=\"s7\">fotball.no<\/span><\/a><\/span><\/li><li class=\"li4\"><span class=\"s9\">NFF Nordlands hjemmeside:\u00a0<a href=\"http:\/\/www.fotball.no\/Kretser\/nordland\/\"><span class=\"s3\">http:\/\/www.fotball.no\/Kretser\/nordland\/<\/span><\/a><\/span><\/li><li class=\"li5\"><span class=\"s2\">Appen \u00abMin fotball\u00bb: Her finner man enkelt klubber, lag, terminlister og tabeller<\/span><\/li><\/ul><p class=\"p1\"><b>M\u00f8ter<\/b><b><\/b><\/p><ul class=\"ul1\"><li class=\"li3\"><span class=\"s2\">Klubbm\u00f8ter: M\u00f8te med hele organisasjonen i SIL Fotball<\/span><\/li><li class=\"li3\"><span class=\"s2\">Trenerm\u00f8te\/trenerforum: M\u00f8te med sportssjef, sportslig koordinator barnefotball, trenerutvikler og klubbens trenere.<\/span><\/li><li class=\"li7\"><span class=\"s9\">Foreldrem\u00f8ter. M\u00f8te med trenere og lagenes foreldre. <\/span><span class=\"s2\">\u00d8nsker man at rep.fra styret skal delta p\u00e5 m\u00f8te, meldes dette til: <\/span><span class=\"s10\">fotball@sil.no<\/span><\/li><li class=\"li3\"><span class=\"s2\">Laglederm\u00f8ter. M\u00f8te med klubbens utstyrsansvarlige og lagenes utstyrsansvarlige\/lagledere<\/span><\/li><li class=\"li3\"><span class=\"s2\">Foreldrekontaktm\u00f8ter. M\u00f8te med styret og lagenes foreldrekontakter<\/span><\/li><li class=\"li5\"><span class=\"s2\">Oppstartsm\u00f8ter: M\u00f8te med rekrutteringsansvarlig og foreldre til spillere p\u00e5 nytt kull<\/span><\/li><\/ul>\t\t\t\t\t\t\t\t<\/div>\n\t\t\t\t<\/div>\n\t\t\t\t<div class=\"elementor-element elementor-element-a79f6c9 elementor-widget elementor-widget-spacer\" data-id=\"a79f6c9\" data-element_type=\"widget\" data-e-type=\"widget\" data-settings=\"{&quot;profecient_custom_cursor_toggle&quot;:false,&quot;profecient_parallax_effects_toggle&quot;:0,&quot;profecient_mouse_effects_toggle&quot;:0}\" data-widget_type=\"spacer.default\">\n\t\t\t\t<div class=\"elementor-widget-container\">\n\t\t\t\t\t\t\t<div class=\"elementor-spacer\">\n\t\t\t<div class=\"elementor-spacer-inner\"><\/div>\n\t\t<\/div>\n\t\t\t\t\t\t<\/div>\n\t\t\t\t<\/div>\n\t\t\t\t\t<\/div>\n\t\t<\/div>\n\t\t\t\t\t<\/div>\n\t\t<\/section>\n\t\t\t\t<section class=\"elementor-section elementor-top-section elementor-element elementor-element-f6a1430 elementor-section-boxed elementor-section-height-default elementor-section-height-default\" data-id=\"f6a1430\" data-element_type=\"section\" data-e-type=\"section\" data-settings=\"{&quot;profecient_background_motion_effects_toggle&quot;:0,&quot;profecient_custom_cursor_toggle&quot;:false,&quot;profecient_parallax_effects_toggle&quot;:0,&quot;profecient_mouse_effects_toggle&quot;:0}\">\n\t\t\t\t\t\t<div class=\"elementor-container elementor-column-gap-default\">\n\t\t\t\t\t<div class=\"elementor-column elementor-col-50 elementor-top-column elementor-element elementor-element-ca86e0b\" data-id=\"ca86e0b\" data-element_type=\"column\" data-e-type=\"column\" data-settings=\"{&quot;profecient_background_motion_effects_toggle&quot;:0,&quot;profecient_custom_cursor_toggle&quot;:false,&quot;profecient_parallax_effects_toggle&quot;:0,&quot;profecient_mouse_effects_toggle&quot;:0}\">\n\t\t\t<div class=\"elementor-widget-wrap elementor-element-populated\">\n\t\t\t\t\t\t<div class=\"elementor-element elementor-element-c3c2e3f elementor-widget elementor-widget-button\" data-id=\"c3c2e3f\" data-element_type=\"widget\" data-e-type=\"widget\" data-settings=\"{&quot;profecient_custom_cursor_toggle&quot;:false,&quot;profecient_parallax_effects_toggle&quot;:0,&quot;profecient_mouse_effects_toggle&quot;:0}\" data-widget_type=\"button.default\">\n\t\t\t\t<div class=\"elementor-widget-container\">\n\t\t\t\t\t\t\t\t\t<div class=\"elementor-button-wrapper\">\n\t\t\t\t\t<a class=\"elementor-button elementor-button-link elementor-size-sm\" href=\"https:\/\/www.silfotball.no\/klubbhandbok\/8-okonomi-plan-for-okonomistyring\/\">\n\t\t\t\t\t\t<span class=\"elementor-button-content-wrapper\">\n\t\t\t\t\t\t<span class=\"elementor-button-icon\">\n\t\t\t\t<i aria-hidden=\"true\" class=\"fas fa-arrow-left\"><\/i>\t\t\t<\/span>\n\t\t\t\t\t\t\t\t\t<span class=\"elementor-button-text\">8. \u00d8konomi - plan for \u00f8konomistyring<\/span>\n\t\t\t\t\t<\/span>\n\t\t\t\t\t<\/a>\n\t\t\t\t<\/div>\n\t\t\t\t\t\t\t\t<\/div>\n\t\t\t\t<\/div>\n\t\t\t\t\t<\/div>\n\t\t<\/div>\n\t\t\t\t<div class=\"elementor-column elementor-col-50 elementor-top-column elementor-element elementor-element-026da41\" data-id=\"026da41\" data-element_type=\"column\" data-e-type=\"column\" data-settings=\"{&quot;profecient_background_motion_effects_toggle&quot;:0,&quot;profecient_custom_cursor_toggle&quot;:false,&quot;profecient_parallax_effects_toggle&quot;:0,&quot;profecient_mouse_effects_toggle&quot;:0}\">\n\t\t\t<div class=\"elementor-widget-wrap elementor-element-populated\">\n\t\t\t\t\t\t<div class=\"elementor-element elementor-element-1d7de1b elementor-align-right elementor-widget elementor-widget-button\" data-id=\"1d7de1b\" data-element_type=\"widget\" data-e-type=\"widget\" data-settings=\"{&quot;profecient_custom_cursor_toggle&quot;:false,&quot;profecient_parallax_effects_toggle&quot;:0,&quot;profecient_mouse_effects_toggle&quot;:0}\" data-widget_type=\"button.default\">\n\t\t\t\t<div class=\"elementor-widget-container\">\n\t\t\t\t\t\t\t\t\t<div class=\"elementor-button-wrapper\">\n\t\t\t\t\t<a class=\"elementor-button elementor-button-link elementor-size-sm\" href=\"https:\/\/www.silfotball.no\/klubbhandbok\/10-rekrutteringsplan\/\">\n\t\t\t\t\t\t<span class=\"elementor-button-content-wrapper\">\n\t\t\t\t\t\t<span class=\"elementor-button-icon\">\n\t\t\t\t<i aria-hidden=\"true\" class=\"fas fa-arrow-right\"><\/i>\t\t\t<\/span>\n\t\t\t\t\t\t\t\t\t<span class=\"elementor-button-text\">10. Rekrutteringsplan<\/span>\n\t\t\t\t\t<\/span>\n\t\t\t\t\t<\/a>\n\t\t\t\t<\/div>\n\t\t\t\t\t\t\t\t<\/div>\n\t\t\t\t<\/div>\n\t\t\t\t\t<\/div>\n\t\t<\/div>\n\t\t\t\t\t<\/div>\n\t\t<\/section>\n\t\t\t\t<\/div>\n\t\t","protected":false},"excerpt":{"rendered":"<p>Klubben og NFF har en rekke informasjonskanaler og m\u00f8ter for \u00e5 informere om klubbens virksomhet og aktivitet. De viktigste er som f\u00f8lger: 9.0 Hjemmeside, sosial medier og andre viktige informasjonskanaler SIL Fotballs hjemmeside:\u00a0silfotball.no Sosiale medier: Facebook: Sandnessj\u00f8en IL Fotball FIKS\u00a0(Fotballens informasjon- og kommunikasjonssystem), NFF-plattform. Se mer informasjon\u00a0HER Tiim.no NFF-plattform NFFs hjemmeside:\u00a0fotball.no NFF Nordlands hjemmeside:\u00a0http:\/\/www.fotball.no\/Kretser\/nordland\/ Appen [&hellip;]<\/p>\n","protected":false},"author":1,"featured_media":0,"parent":0,"menu_order":0,"comment_status":"closed","ping_status":"closed","template":"","meta":{"footnotes":""},"class_list":["post-306","page","type-page","status-publish","hentry"],"_links":{"self":[{"href":"https:\/\/www.silfotball.no\/klubbhandbok\/wp-json\/wp\/v2\/pages\/306","targetHints":{"allow":["GET"]}}],"collection":[{"href":"https:\/\/www.silfotball.no\/klubbhandbok\/wp-json\/wp\/v2\/pages"}],"about":[{"href":"https:\/\/www.silfotball.no\/klubbhandbok\/wp-json\/wp\/v2\/types\/page"}],"author":[{"embeddable":true,"href":"https:\/\/www.silfotball.no\/klubbhandbok\/wp-json\/wp\/v2\/users\/1"}],"replies":[{"embeddable":true,"href":"https:\/\/www.silfotball.no\/klubbhandbok\/wp-json\/wp\/v2\/comments?post=306"}],"version-history":[{"count":40,"href":"https:\/\/www.silfotball.no\/klubbhandbok\/wp-json\/wp\/v2\/pages\/306\/revisions"}],"predecessor-version":[{"id":1872,"href":"https:\/\/www.silfotball.no\/klubbhandbok\/wp-json\/wp\/v2\/pages\/306\/revisions\/1872"}],"wp:attachment":[{"href":"https:\/\/www.silfotball.no\/klubbhandbok\/wp-json\/wp\/v2\/media?parent=306"}],"curies":[{"name":"wp","href":"https:\/\/api.w.org\/{rel}","templated":true}]}}