{"id":308,"date":"2020-12-30T09:01:47","date_gmt":"2020-12-30T09:01:47","guid":{"rendered":"https:\/\/www.silfotball.no\/klubbhandbok\/?page_id=308"},"modified":"2021-03-19T09:05:46","modified_gmt":"2021-03-19T09:05:46","slug":"10-rekrutteringsplan","status":"publish","type":"page","link":"https:\/\/www.silfotball.no\/klubbhandbok\/10-rekrutteringsplan\/","title":{"rendered":"10. Rekrutteringsplan"},"content":{"rendered":"\t\t<div data-elementor-type=\"wp-page\" data-elementor-id=\"308\" class=\"elementor elementor-308\" data-elementor-settings=\"{&quot;profecient_custom_cursor_toggle&quot;:false}\">\n\t\t\t\t\t\t<section class=\"elementor-section elementor-top-section elementor-element elementor-element-c635755 elementor-section-boxed elementor-section-height-default elementor-section-height-default\" data-id=\"c635755\" data-element_type=\"section\" data-e-type=\"section\" data-settings=\"{&quot;profecient_background_motion_effects_toggle&quot;:0,&quot;profecient_custom_cursor_toggle&quot;:false,&quot;profecient_parallax_effects_toggle&quot;:0,&quot;profecient_mouse_effects_toggle&quot;:0}\">\n\t\t\t\t\t\t<div class=\"elementor-container elementor-column-gap-default\">\n\t\t\t\t\t<div class=\"elementor-column elementor-col-100 elementor-top-column elementor-element elementor-element-ec8c2c2\" data-id=\"ec8c2c2\" data-element_type=\"column\" data-e-type=\"column\" data-settings=\"{&quot;profecient_background_motion_effects_toggle&quot;:0,&quot;profecient_custom_cursor_toggle&quot;:false,&quot;profecient_parallax_effects_toggle&quot;:0,&quot;profecient_mouse_effects_toggle&quot;:0}\">\n\t\t\t<div class=\"elementor-widget-wrap elementor-element-populated\">\n\t\t\t\t\t\t<div class=\"elementor-element elementor-element-97b0677 elementor-widget elementor-widget-text-editor\" data-id=\"97b0677\" data-element_type=\"widget\" data-e-type=\"widget\" data-settings=\"{&quot;profecient_custom_cursor_toggle&quot;:false,&quot;profecient_parallax_effects_toggle&quot;:0,&quot;profecient_mouse_effects_toggle&quot;:0}\" data-widget_type=\"text-editor.default\">\n\t\t\t\t<div class=\"elementor-widget-container\">\n\t\t\t\t\t\t\t\t\t<h1><strong>Rekruttering generelt<\/strong><\/h1><p>Rekrutteringsarbeidet er veldig viktig for klubben. For \u00e5 unng\u00e5 at \u00e5rganger faller bort, er det vesentlig sikre kontinuitet i dette arbeidet. Klubben har mange ulike rekrutteringstiltak og -tilbud for \u00e5 skape aktivitet og interesse for barn i 5 &#8211; 8 \u00e5rs alderen (se oversikt under).<\/p><p>De siste \u00e5rene har SIL Fotball jobbet tettere og tettere med SILs Idrettsskole for \u00e5 bidra til en godt organisert rekrutterings- og oppstartsfase n\u00e5r barna begynner \u00e5 spille fotball. Spesielt gjelder dette det som g\u00e5r p\u00e5 seriespill.<\/p>\t\t\t\t\t\t\t\t<\/div>\n\t\t\t\t<\/div>\n\t\t\t\t<div class=\"elementor-element elementor-element-29a6dac elementor-widget elementor-widget-text-editor\" data-id=\"29a6dac\" data-element_type=\"widget\" data-e-type=\"widget\" data-settings=\"{&quot;profecient_custom_cursor_toggle&quot;:false,&quot;profecient_parallax_effects_toggle&quot;:0,&quot;profecient_mouse_effects_toggle&quot;:0}\" data-widget_type=\"text-editor.default\">\n\t\t\t\t<div class=\"elementor-widget-container\">\n\t\t\t\t\t\t\t\t\t<h2><strong>Oppstartsm\u00f8te<\/strong><\/h2><p>Hvert \u00e5r arrangerer SIL Fotball oppstartsm\u00f8te for foreldre til spillere som har lyst til \u00e5 spille fotball i \u00e5rgangen som fyller 6 \u00e5r (G\/J 6) i innev\u00e6rende \u00e5r.\u00a0<span style=\"font-family: var( --e-global-typography-text-font-family ), Sans-serif; font-weight: var( --e-global-typography-text-font-weight );\">Oppstartsm\u00f8tet gjennomf\u00f8res normalt sett i januar.\u00a0<\/span><span style=\"font-family: var( --e-global-typography-text-font-family ), Sans-serif; font-weight: var( --e-global-typography-text-font-weight );\">Det blir laget en artikkel p\u00e5 klubbens hjemmeside som deles i sosiale medier i forkant.\u00a0\u00a0<\/span><\/p><p><a href=\"https:\/\/www.silfotball.no\/klubbhandbok\/5-klubbens-organisering\/#_Toc50108289206\">Rekrutteringsansvarlig<\/a> i SIL Fotball er ansvarlig for at oppstartsm\u00f8tet gjennomf\u00f8res.\u00a0<span style=\"font-family: var( --e-global-typography-text-font-family ), Sans-serif; font-weight: var( --e-global-typography-text-font-weight );\">God informasjon om b\u00e5de SIL (idrettslaget) og SIL Fotball (klubben) er sentralt p\u00e5 dette m\u00f8tet.\u00a0 Herunder organisering, klubbh\u00e5ndbok, sportsplan, klubbens \u00e5rshjul, lagets \u00e5rlige aktiviteter og \u00f8konomiske forpliktelser er blant punktene som klubben g\u00e5r gjennom p\u00e5 foreldrem\u00f8ter.<\/span><\/p><p><span style=\"font-family: var( --e-global-typography-text-font-family ), Sans-serif; font-weight: var( --e-global-typography-text-font-weight );\">For \u00e5 legge til rette for et godt tilbud for barna er<\/span><span style=\"font-family: var( --e-global-typography-text-font-family ), Sans-serif; font-weight: var( --e-global-typography-text-font-weight );\">\u00a0<\/span><strong style=\"font-family: var( --e-global-typography-text-font-family ), Sans-serif;\"><u>foreldrerekruttering<\/u><\/strong><span style=\"font-family: var( --e-global-typography-text-font-family ), Sans-serif; font-weight: var( --e-global-typography-text-font-weight );\">\u00a0ogs\u00e5\u00a0<\/span><span style=\"font-family: var( --e-global-typography-text-font-family ), Sans-serif; font-weight: var( --e-global-typography-text-font-weight );\">helt avgj\u00f8rende og en viktig del av oppstartsm\u00f8tet. Foreldrene m\u00e5 rekrutteres inn i roller rundt lagene (Jfr. Kapittel 6 \u2013 <a href=\"https:\/\/www.silfotball.no\/klubbhandbok\/6-lagenes-organisering\/\">Lagenes organisering<\/a>), og dette b\u00f8r skje s\u00e5 tidlig som mulig.<\/span><\/p><p>Lagene deles p\u00e5 kj\u00f8nn, henholdsvis G6 og J6, og klubben rekrutterer i forkant og under oppstartm\u00f8tet et fullt st\u00f8tteapparat til lagene.\u00a0<span style=\"font-family: var( --e-global-typography-text-font-family ), Sans-serif; font-weight: var( --e-global-typography-text-font-weight );\">St\u00f8tteapparatet rundt lagene jobber sammen med \u00e5 inkludere alle jenter og gutter som \u00f8nsker \u00e5 spille fotball, og at disse inviteres p\u00e5 trening med sitt lag selv om foreldrene ikke har v\u00e6rt med p\u00e5 oppstartm\u00f8tet. St\u00f8tteapparatet til lagene sender inn oversikt over spillere etter maler fra klubben.<\/span><\/p>\t\t\t\t\t\t\t\t<\/div>\n\t\t\t\t<\/div>\n\t\t\t\t<div class=\"elementor-element elementor-element-982c27f elementor-widget elementor-widget-text-editor\" data-id=\"982c27f\" data-element_type=\"widget\" data-e-type=\"widget\" data-settings=\"{&quot;profecient_custom_cursor_toggle&quot;:false,&quot;profecient_parallax_effects_toggle&quot;:0,&quot;profecient_mouse_effects_toggle&quot;:0}\" data-widget_type=\"text-editor.default\">\n\t\t\t\t<div class=\"elementor-widget-container\">\n\t\t\t\t\t\t\t\t\t<h2><strong>Tiltak og tilbud<\/strong><\/h2><p><strong>Oversikt over Rekrutteringstiltak i SIL Fotball:<\/strong><\/p><ul><li>Oppstartsm\u00f8te med foreldre &#8211; P\u00e5melding til fotballserie (fra 6 \u00e5r)<\/li><li>Fotballserie med lagstreninger for G\/J 6 \u00e5r.<\/li><li>TelenorXtra FFO &#8211; SIL Fotball (7 &#8211; 12 \u00e5r)<\/li><li>Tine Fotballskole (6 -12 \u00e5r)<\/li><li>Fotballturnering &#8211; Eat Move Sleep Cup (6 -12 \u00e5r)<\/li><\/ul>\t\t\t\t\t\t\t\t<\/div>\n\t\t\t\t<\/div>\n\t\t\t\t<div class=\"elementor-element elementor-element-9862ea6 elementor-widget elementor-widget-text-editor\" data-id=\"9862ea6\" data-element_type=\"widget\" data-e-type=\"widget\" data-settings=\"{&quot;profecient_custom_cursor_toggle&quot;:false,&quot;profecient_parallax_effects_toggle&quot;:0,&quot;profecient_mouse_effects_toggle&quot;:0}\" data-widget_type=\"text-editor.default\">\n\t\t\t\t<div class=\"elementor-widget-container\">\n\t\t\t\t\t\t\t\t\t<h2><strong>M\u00e5ltall<\/strong><\/h2><p><strong>Klubben har f\u00f8lgende m\u00e5ltall for rekruttering:<\/strong><\/p><ul><li>Ha 60 % av alle gutter i klubbens nedslagsfelt med p\u00e5 G6 og G7<\/li><li>Ha 60 % av alle jenter i klubbens nedslagsfelt med p\u00e5 J6 og J7<\/li><\/ul>\t\t\t\t\t\t\t\t<\/div>\n\t\t\t\t<\/div>\n\t\t\t\t<div class=\"elementor-element elementor-element-2e0b42e elementor-widget elementor-widget-spacer\" data-id=\"2e0b42e\" data-element_type=\"widget\" data-e-type=\"widget\" data-settings=\"{&quot;profecient_custom_cursor_toggle&quot;:false,&quot;profecient_parallax_effects_toggle&quot;:0,&quot;profecient_mouse_effects_toggle&quot;:0}\" data-widget_type=\"spacer.default\">\n\t\t\t\t<div class=\"elementor-widget-container\">\n\t\t\t\t\t\t\t<div class=\"elementor-spacer\">\n\t\t\t<div class=\"elementor-spacer-inner\"><\/div>\n\t\t<\/div>\n\t\t\t\t\t\t<\/div>\n\t\t\t\t<\/div>\n\t\t\t\t\t<\/div>\n\t\t<\/div>\n\t\t\t\t\t<\/div>\n\t\t<\/section>\n\t\t\t\t<section class=\"elementor-section elementor-top-section elementor-element elementor-element-0a7fb9e elementor-section-boxed elementor-section-height-default elementor-section-height-default\" data-id=\"0a7fb9e\" data-element_type=\"section\" data-e-type=\"section\" data-settings=\"{&quot;profecient_background_motion_effects_toggle&quot;:0,&quot;profecient_custom_cursor_toggle&quot;:false,&quot;profecient_parallax_effects_toggle&quot;:0,&quot;profecient_mouse_effects_toggle&quot;:0}\">\n\t\t\t\t\t\t<div class=\"elementor-container elementor-column-gap-default\">\n\t\t\t\t\t<div class=\"elementor-column elementor-col-50 elementor-top-column elementor-element elementor-element-b70f428\" data-id=\"b70f428\" data-element_type=\"column\" data-e-type=\"column\" data-settings=\"{&quot;profecient_background_motion_effects_toggle&quot;:0,&quot;profecient_custom_cursor_toggle&quot;:false,&quot;profecient_parallax_effects_toggle&quot;:0,&quot;profecient_mouse_effects_toggle&quot;:0}\">\n\t\t\t<div class=\"elementor-widget-wrap elementor-element-populated\">\n\t\t\t\t\t\t<div class=\"elementor-element elementor-element-0b78ad6 elementor-widget elementor-widget-button\" data-id=\"0b78ad6\" data-element_type=\"widget\" data-e-type=\"widget\" data-settings=\"{&quot;profecient_custom_cursor_toggle&quot;:false,&quot;profecient_parallax_effects_toggle&quot;:0,&quot;profecient_mouse_effects_toggle&quot;:0}\" data-widget_type=\"button.default\">\n\t\t\t\t<div class=\"elementor-widget-container\">\n\t\t\t\t\t\t\t\t\t<div class=\"elementor-button-wrapper\">\n\t\t\t\t\t<a class=\"elementor-button elementor-button-link elementor-size-sm\" href=\"https:\/\/www.silfotball.no\/klubbhandbok\/9-informasjon-kommunikasjon\/\">\n\t\t\t\t\t\t<span class=\"elementor-button-content-wrapper\">\n\t\t\t\t\t\t<span class=\"elementor-button-icon\">\n\t\t\t\t<i aria-hidden=\"true\" class=\"fas fa-arrow-left\"><\/i>\t\t\t<\/span>\n\t\t\t\t\t\t\t\t\t<span class=\"elementor-button-text\">9. Informasjon \/ kommunikasjon<\/span>\n\t\t\t\t\t<\/span>\n\t\t\t\t\t<\/a>\n\t\t\t\t<\/div>\n\t\t\t\t\t\t\t\t<\/div>\n\t\t\t\t<\/div>\n\t\t\t\t\t<\/div>\n\t\t<\/div>\n\t\t\t\t<div class=\"elementor-column elementor-col-50 elementor-top-column elementor-element elementor-element-c463aef\" data-id=\"c463aef\" data-element_type=\"column\" data-e-type=\"column\" data-settings=\"{&quot;profecient_background_motion_effects_toggle&quot;:0,&quot;profecient_custom_cursor_toggle&quot;:false,&quot;profecient_parallax_effects_toggle&quot;:0,&quot;profecient_mouse_effects_toggle&quot;:0}\">\n\t\t\t<div class=\"elementor-widget-wrap elementor-element-populated\">\n\t\t\t\t\t\t<div class=\"elementor-element elementor-element-f95e4e6 elementor-align-right elementor-widget elementor-widget-button\" data-id=\"f95e4e6\" data-element_type=\"widget\" data-e-type=\"widget\" data-settings=\"{&quot;profecient_custom_cursor_toggle&quot;:false,&quot;profecient_parallax_effects_toggle&quot;:0,&quot;profecient_mouse_effects_toggle&quot;:0}\" data-widget_type=\"button.default\">\n\t\t\t\t<div class=\"elementor-widget-container\">\n\t\t\t\t\t\t\t\t\t<div class=\"elementor-button-wrapper\">\n\t\t\t\t\t<a class=\"elementor-button elementor-button-link elementor-size-sm\" href=\"https:\/\/www.silfotball.no\/klubbhandbok\/11-kompetanse-og-utdanning\/\">\n\t\t\t\t\t\t<span class=\"elementor-button-content-wrapper\">\n\t\t\t\t\t\t<span class=\"elementor-button-icon\">\n\t\t\t\t<i aria-hidden=\"true\" class=\"fas fa-arrow-right\"><\/i>\t\t\t<\/span>\n\t\t\t\t\t\t\t\t\t<span class=\"elementor-button-text\">11. Kompetanse og utdannelse<\/span>\n\t\t\t\t\t<\/span>\n\t\t\t\t\t<\/a>\n\t\t\t\t<\/div>\n\t\t\t\t\t\t\t\t<\/div>\n\t\t\t\t<\/div>\n\t\t\t\t\t<\/div>\n\t\t<\/div>\n\t\t\t\t\t<\/div>\n\t\t<\/section>\n\t\t\t\t<\/div>\n\t\t","protected":false},"excerpt":{"rendered":"<p>Rekruttering generelt Rekrutteringsarbeidet er veldig viktig for klubben. For \u00e5 unng\u00e5 at \u00e5rganger faller bort, er det vesentlig sikre kontinuitet i dette arbeidet. Klubben har mange ulike rekrutteringstiltak og -tilbud for \u00e5 skape aktivitet og interesse for barn i 5 &#8211; 8 \u00e5rs alderen (se oversikt under). De siste \u00e5rene har SIL Fotball jobbet tettere [&hellip;]<\/p>\n","protected":false},"author":1,"featured_media":0,"parent":0,"menu_order":0,"comment_status":"closed","ping_status":"closed","template":"","meta":{"footnotes":""},"class_list":["post-308","page","type-page","status-publish","hentry"],"_links":{"self":[{"href":"https:\/\/www.silfotball.no\/klubbhandbok\/wp-json\/wp\/v2\/pages\/308","targetHints":{"allow":["GET"]}}],"collection":[{"href":"https:\/\/www.silfotball.no\/klubbhandbok\/wp-json\/wp\/v2\/pages"}],"about":[{"href":"https:\/\/www.silfotball.no\/klubbhandbok\/wp-json\/wp\/v2\/types\/page"}],"author":[{"embeddable":true,"href":"https:\/\/www.silfotball.no\/klubbhandbok\/wp-json\/wp\/v2\/users\/1"}],"replies":[{"embeddable":true,"href":"https:\/\/www.silfotball.no\/klubbhandbok\/wp-json\/wp\/v2\/comments?post=308"}],"version-history":[{"count":58,"href":"https:\/\/www.silfotball.no\/klubbhandbok\/wp-json\/wp\/v2\/pages\/308\/revisions"}],"predecessor-version":[{"id":1648,"href":"https:\/\/www.silfotball.no\/klubbhandbok\/wp-json\/wp\/v2\/pages\/308\/revisions\/1648"}],"wp:attachment":[{"href":"https:\/\/www.silfotball.no\/klubbhandbok\/wp-json\/wp\/v2\/media?parent=308"}],"curies":[{"name":"wp","href":"https:\/\/api.w.org\/{rel}","templated":true}]}}