{"id":312,"date":"2020-12-30T09:11:19","date_gmt":"2020-12-30T09:11:19","guid":{"rendered":"https:\/\/www.silfotball.no\/klubbhandbok\/?page_id=312"},"modified":"2021-03-16T09:23:01","modified_gmt":"2021-03-16T09:23:01","slug":"12-arshjul-og-viktige-datoer","status":"publish","type":"page","link":"https:\/\/www.silfotball.no\/klubbhandbok\/12-arshjul-og-viktige-datoer\/","title":{"rendered":"12. \u00c5rshjul og viktige datoer"},"content":{"rendered":"\t\t<div data-elementor-type=\"wp-page\" data-elementor-id=\"312\" class=\"elementor elementor-312\" data-elementor-settings=\"{&quot;profecient_custom_cursor_toggle&quot;:false}\">\n\t\t\t\t\t\t<section class=\"elementor-section elementor-top-section elementor-element elementor-element-dc59300 elementor-section-boxed elementor-section-height-default elementor-section-height-default\" data-id=\"dc59300\" data-element_type=\"section\" data-e-type=\"section\" data-settings=\"{&quot;profecient_background_motion_effects_toggle&quot;:0,&quot;profecient_custom_cursor_toggle&quot;:false,&quot;profecient_parallax_effects_toggle&quot;:0,&quot;profecient_mouse_effects_toggle&quot;:0}\">\n\t\t\t\t\t\t<div class=\"elementor-container elementor-column-gap-default\">\n\t\t\t\t\t<div class=\"elementor-column elementor-col-100 elementor-top-column elementor-element elementor-element-388a5a9\" data-id=\"388a5a9\" data-element_type=\"column\" data-e-type=\"column\" data-settings=\"{&quot;profecient_background_motion_effects_toggle&quot;:0,&quot;profecient_custom_cursor_toggle&quot;:false,&quot;profecient_parallax_effects_toggle&quot;:0,&quot;profecient_mouse_effects_toggle&quot;:0}\">\n\t\t\t<div class=\"elementor-widget-wrap elementor-element-populated\">\n\t\t\t\t\t\t<div class=\"elementor-element elementor-element-03869fc elementor-widget elementor-widget-text-editor\" data-id=\"03869fc\" data-element_type=\"widget\" data-e-type=\"widget\" data-settings=\"{&quot;profecient_custom_cursor_toggle&quot;:false,&quot;profecient_parallax_effects_toggle&quot;:0,&quot;profecient_mouse_effects_toggle&quot;:0}\" data-widget_type=\"text-editor.default\">\n\t\t\t\t<div class=\"elementor-widget-container\">\n\t\t\t\t\t\t\t\t\t<p>Fotball\u00e5ret har sin egen syklus. Det er tidsfrister \u00e5 forholde seg til, \u00abm\u00e5-oppgaver\u00bb og en rekke ting som skal p\u00e5 plass for \u00e5 gj\u00f8re fotballhverdagen best mulig for flest mulig. Dette gjelder p\u00e5meldinger lag i serie og NM, turneringss\u00f8knader og diverse andre frister.<\/p>\t\t\t\t\t\t\t\t<\/div>\n\t\t\t\t<\/div>\n\t\t\t\t<div class=\"elementor-element elementor-element-7ced522 elementor-widget elementor-widget-text-editor\" data-id=\"7ced522\" data-element_type=\"widget\" data-e-type=\"widget\" data-settings=\"{&quot;profecient_custom_cursor_toggle&quot;:false,&quot;profecient_parallax_effects_toggle&quot;:0,&quot;profecient_mouse_effects_toggle&quot;:0}\" data-widget_type=\"text-editor.default\">\n\t\t\t\t<div class=\"elementor-widget-container\">\n\t\t\t\t\t\t\t\t\t<p><strong>F\u00f8lgende datoer er viktige:<\/strong><\/p>\n<ul>\n<li>Ca 20.august: P\u00e5meldingsfrist Futsal-seriene.<\/li>\n<li>Ca 1.september: Frist for nominering av spillere til sonesamlinger. Skjema for nominering sendes klubbene.<\/li>\n<li>Ca 10.september: Overgangsvinduet stenger kl. 24.00 ca den 10.sept (kan variere fra \u00e5r til \u00e5r), og er stengt frem til 1.januar. Overganger kan tas i dette tidsrommet, men spilleren er ikke klar til spill for ny klubb f\u00f8r 1.januar.<\/li>\n<li>1.oktober: S\u00f8knad om cuper og turneringer. Siste frist for \u00e5 s\u00f8ke om \u00e5 f\u00e5 arrangere turneringer januar-juni.<\/li>\n<li>1.november: Innsending\/registrering av ferdighets- og minimerker.<\/li>\n<li>Innen 30. november: Revidering av klubbh\u00e5ndboken<\/li>\n<li>1.desember: P\u00e5melding seriespillet for Menn Senior.<\/li>\n<li>15.desember: Dommerp\u00e5melding<\/li>\n<li>15.januar: P\u00e5melding til Telenor Cup. NM for G19 og J19.<\/li>\n<li>15.januar: P\u00e5melding til seriespillet for junior, gutter, jenter, sm\u00e5gutter, sm\u00e5jenter, oldboys, veteran, kvinner 11&#8217;er, kvinner 7&#8217;er og menn 7&#8217;er.<\/li>\n<li>15.januar: P\u00e5melding til Telenor Cup. NM G16 og J16.<\/li>\n<li>20-30.januar: Sonem\u00f8ter<\/li>\n<li>1.februar: S\u00f8knad om cuper og turneringer. Siste frist for \u00e5 s\u00f8ke om \u00e5 f\u00e5 arrangere turneringer juni-desember.<\/li>\n<li>1.februar: Spillerregistrering. Alle spillere i alderen 13 &#8211; 19 \u00e5r har en gratis forsikring gjennom NFF. For at forsikringen skal gjelde m\u00e5 spillerne registreres i FIKS og klubben m\u00e5 betale sin kontingent.<\/li>\n<li>15.februar: P\u00e5melding sesongen barnefotball (6-12 \u00e5r).<\/li>\n<li>15.mars: Siste frist for s\u00f8knad om dispensasjon for \u00e5 unng\u00e5 gebyr.<\/li>\n<li>15.mars: Siste frist for s\u00f8knad om TINE Fotballskole.<\/li>\n<li>30.april: Siste frist for Idrettsregistreringen. En \u00e5rlig registrering som alle idrettslag og undergrupper m\u00e5 gj\u00f8re. Her skal antall medlemmer fordelt p\u00e5 alderskategorier og leder meldes inn. Idrettslag som unnlater \u00e5 gj\u00f8re denne jobben blir str\u00f8ket, og vil heller ikke f\u00e5 tildelt lokale aktivitetsmidler (LAM-midler)<\/li>\n<\/ul>\t\t\t\t\t\t\t\t<\/div>\n\t\t\t\t<\/div>\n\t\t\t\t<div class=\"elementor-element elementor-element-508ccea elementor-widget elementor-widget-spacer\" data-id=\"508ccea\" data-element_type=\"widget\" data-e-type=\"widget\" data-settings=\"{&quot;profecient_custom_cursor_toggle&quot;:false,&quot;profecient_parallax_effects_toggle&quot;:0,&quot;profecient_mouse_effects_toggle&quot;:0}\" data-widget_type=\"spacer.default\">\n\t\t\t\t<div class=\"elementor-widget-container\">\n\t\t\t\t\t\t\t<div class=\"elementor-spacer\">\n\t\t\t<div class=\"elementor-spacer-inner\"><\/div>\n\t\t<\/div>\n\t\t\t\t\t\t<\/div>\n\t\t\t\t<\/div>\n\t\t\t\t\t<\/div>\n\t\t<\/div>\n\t\t\t\t\t<\/div>\n\t\t<\/section>\n\t\t\t\t<section class=\"elementor-section elementor-top-section elementor-element elementor-element-d13bed5 elementor-section-boxed elementor-section-height-default elementor-section-height-default\" data-id=\"d13bed5\" data-element_type=\"section\" data-e-type=\"section\" data-settings=\"{&quot;profecient_background_motion_effects_toggle&quot;:0,&quot;profecient_custom_cursor_toggle&quot;:false,&quot;profecient_parallax_effects_toggle&quot;:0,&quot;profecient_mouse_effects_toggle&quot;:0}\">\n\t\t\t\t\t\t<div class=\"elementor-container elementor-column-gap-default\">\n\t\t\t\t\t<div class=\"elementor-column elementor-col-50 elementor-top-column elementor-element elementor-element-93160fc\" data-id=\"93160fc\" data-element_type=\"column\" data-e-type=\"column\" data-settings=\"{&quot;profecient_background_motion_effects_toggle&quot;:0,&quot;profecient_custom_cursor_toggle&quot;:false,&quot;profecient_parallax_effects_toggle&quot;:0,&quot;profecient_mouse_effects_toggle&quot;:0}\">\n\t\t\t<div class=\"elementor-widget-wrap elementor-element-populated\">\n\t\t\t\t\t\t<div class=\"elementor-element elementor-element-22a4e6c elementor-widget elementor-widget-button\" data-id=\"22a4e6c\" data-element_type=\"widget\" data-e-type=\"widget\" data-settings=\"{&quot;profecient_custom_cursor_toggle&quot;:false,&quot;profecient_parallax_effects_toggle&quot;:0,&quot;profecient_mouse_effects_toggle&quot;:0}\" data-widget_type=\"button.default\">\n\t\t\t\t<div class=\"elementor-widget-container\">\n\t\t\t\t\t\t\t\t\t<div class=\"elementor-button-wrapper\">\n\t\t\t\t\t<a class=\"elementor-button elementor-button-link elementor-size-sm\" href=\"https:\/\/www.silfotball.no\/klubbhandbok\/11-kompetanse-og-utdanning\/\">\n\t\t\t\t\t\t<span class=\"elementor-button-content-wrapper\">\n\t\t\t\t\t\t<span class=\"elementor-button-icon\">\n\t\t\t\t<i aria-hidden=\"true\" class=\"fas fa-arrow-left\"><\/i>\t\t\t<\/span>\n\t\t\t\t\t\t\t\t\t<span class=\"elementor-button-text\">11. Kompetanse og utdannelse<\/span>\n\t\t\t\t\t<\/span>\n\t\t\t\t\t<\/a>\n\t\t\t\t<\/div>\n\t\t\t\t\t\t\t\t<\/div>\n\t\t\t\t<\/div>\n\t\t\t\t\t<\/div>\n\t\t<\/div>\n\t\t\t\t<div class=\"elementor-column elementor-col-50 elementor-top-column elementor-element elementor-element-572107c\" data-id=\"572107c\" data-element_type=\"column\" data-e-type=\"column\" data-settings=\"{&quot;profecient_background_motion_effects_toggle&quot;:0,&quot;profecient_custom_cursor_toggle&quot;:false,&quot;profecient_parallax_effects_toggle&quot;:0,&quot;profecient_mouse_effects_toggle&quot;:0}\">\n\t\t\t<div class=\"elementor-widget-wrap elementor-element-populated\">\n\t\t\t\t\t\t<div class=\"elementor-element elementor-element-3c179e9 elementor-align-right elementor-widget elementor-widget-button\" data-id=\"3c179e9\" data-element_type=\"widget\" data-e-type=\"widget\" data-settings=\"{&quot;profecient_custom_cursor_toggle&quot;:false,&quot;profecient_parallax_effects_toggle&quot;:0,&quot;profecient_mouse_effects_toggle&quot;:0}\" data-widget_type=\"button.default\">\n\t\t\t\t<div class=\"elementor-widget-container\">\n\t\t\t\t\t\t\t\t\t<div class=\"elementor-button-wrapper\">\n\t\t\t\t\t<a class=\"elementor-button elementor-button-link elementor-size-sm\" href=\"https:\/\/www.silfotball.no\/klubbhandbok\/13-vedlegg\/\">\n\t\t\t\t\t\t<span class=\"elementor-button-content-wrapper\">\n\t\t\t\t\t\t<span class=\"elementor-button-icon\">\n\t\t\t\t<i aria-hidden=\"true\" class=\"fas fa-arrow-right\"><\/i>\t\t\t<\/span>\n\t\t\t\t\t\t\t\t\t<span class=\"elementor-button-text\">13. Vedlegg<\/span>\n\t\t\t\t\t<\/span>\n\t\t\t\t\t<\/a>\n\t\t\t\t<\/div>\n\t\t\t\t\t\t\t\t<\/div>\n\t\t\t\t<\/div>\n\t\t\t\t\t<\/div>\n\t\t<\/div>\n\t\t\t\t\t<\/div>\n\t\t<\/section>\n\t\t\t\t<\/div>\n\t\t","protected":false},"excerpt":{"rendered":"<p>Fotball\u00e5ret har sin egen syklus. Det er tidsfrister \u00e5 forholde seg til, \u00abm\u00e5-oppgaver\u00bb og en rekke ting som skal p\u00e5 plass for \u00e5 gj\u00f8re fotballhverdagen best mulig for flest mulig. Dette gjelder p\u00e5meldinger lag i serie og NM, turneringss\u00f8knader og diverse andre frister. F\u00f8lgende datoer er viktige: Ca 20.august: P\u00e5meldingsfrist Futsal-seriene. Ca 1.september: Frist for [&hellip;]<\/p>\n","protected":false},"author":1,"featured_media":0,"parent":0,"menu_order":0,"comment_status":"closed","ping_status":"closed","template":"","meta":{"footnotes":""},"class_list":["post-312","page","type-page","status-publish","hentry"],"_links":{"self":[{"href":"https:\/\/www.silfotball.no\/klubbhandbok\/wp-json\/wp\/v2\/pages\/312","targetHints":{"allow":["GET"]}}],"collection":[{"href":"https:\/\/www.silfotball.no\/klubbhandbok\/wp-json\/wp\/v2\/pages"}],"about":[{"href":"https:\/\/www.silfotball.no\/klubbhandbok\/wp-json\/wp\/v2\/types\/page"}],"author":[{"embeddable":true,"href":"https:\/\/www.silfotball.no\/klubbhandbok\/wp-json\/wp\/v2\/users\/1"}],"replies":[{"embeddable":true,"href":"https:\/\/www.silfotball.no\/klubbhandbok\/wp-json\/wp\/v2\/comments?post=312"}],"version-history":[{"count":19,"href":"https:\/\/www.silfotball.no\/klubbhandbok\/wp-json\/wp\/v2\/pages\/312\/revisions"}],"predecessor-version":[{"id":1559,"href":"https:\/\/www.silfotball.no\/klubbhandbok\/wp-json\/wp\/v2\/pages\/312\/revisions\/1559"}],"wp:attachment":[{"href":"https:\/\/www.silfotball.no\/klubbhandbok\/wp-json\/wp\/v2\/media?parent=312"}],"curies":[{"name":"wp","href":"https:\/\/api.w.org\/{rel}","templated":true}]}}